{"id":7461,"date":"2025-11-01T13:05:30","date_gmt":"2025-11-01T05:05:30","guid":{"rendered":"https:\/\/fsdivination.com\/?post_type=product&#038;p=7461"},"modified":"2025-11-11T03:12:33","modified_gmt":"2025-11-10T19:12:33","slug":"chinese-fortune-telling-ba-zi-%e7%ae%97%e5%91%bd%e6%89%b9%e5%85%ab%e5%ad%97","status":"publish","type":"product","link":"https:\/\/fsdivination.com\/de\/produkt\/chinese-fortune-telling-ba-zi-%e7%ae%97%e5%91%bd%e6%89%b9%e5%85%ab%e5%ad%97\/","title":{"rendered":"Chinesische Wahrsagerei (Ba Zi) (\u7b97\u547d\u6279\u516b\u5b57)"},"content":{"rendered":"<div class=\"wp-block-columns are-vertically-aligned-center is-layout-flex wp-container-core-columns-is-layout-28f84493 wp-block-columns-is-layout-flex\">\n<div class=\"wp-block-column is-vertically-aligned-center is-layout-flow wp-block-column-is-layout-flow\">\n<h2 class=\"wp-block-heading\"><strong>Die Grunds\u00e4tze der Bazi-Analyse<\/strong><\/h2>\n\n\n\n<p><strong>Bazi-Wahrsagerei<\/strong>&nbsp;ist eine Form der traditionellen chinesischen Metaphysik, die das Lebensschicksal einer Person auf der Grundlage ihrer Geburtszeit vorhersagt, ausgedr\u00fcckt in Form von vier Paaren himmlischer St\u00e4mme und irdischer Zweige (bekannt als die&nbsp;<strong>Vier S\u00e4ulen und acht Schriftzeichen<\/strong>). Zu seinen Kerntheorien geh\u00f6ren die Systeme der himmlischen St\u00e4mme und irdischen Zweige, Yin-Yang und die f\u00fcnf Elemente.<\/p>\n\n\n\n<p>Die Praxis der&nbsp;<strong>Bazi-Analyse<\/strong>&nbsp;stammt aus der Tang-Dynastie, als&nbsp;<strong>Li Xuzhong<\/strong>&nbsp;leistete Pionierarbeit bei der Vorhersage des Schicksals unter Verwendung der S\u00e4ulen Jahr, Monat und Tag. W\u00e4hrend der F\u00fcnf Dynastien und der fr\u00fchen Song-Dynastie,&nbsp;<strong>Xu Ziping<\/strong>&nbsp;die Stundens\u00e4ule eingef\u00fchrt und damit die vollst\u00e4ndige&nbsp;<strong>Vier-S\u00e4ulen-System<\/strong>. In der Ming- und Qing-Dynastie wurde die Ver\u00f6ffentlichung grundlegender Texte wie&nbsp;<em>\u201cYuan Hai Zi Ping\u201d<\/em>&nbsp;und&nbsp;<em>\u201cSan Ming Tong Hui\u201d<\/em>&nbsp;markierte die Reifung ihres theoretischen Rahmens.<\/p>\n\n\n\n<p>Auf der Grundlage des Bazi einer Person bestimmen die Analytiker verschiedene Aspekte ihres Lebens, darunter&nbsp;<strong>famili\u00e4re Beziehungen, Pers\u00f6nlichkeit, Ehe, Karriere und Wohlstand<\/strong>, und bewertet deren Art, Qualit\u00e4t und Potenzial.&nbsp;<strong>Bazi-Analyse<\/strong>&nbsp;beinhaltet daher eine umfassende Interpretation des Schicksals, das durch die acht Zeichen repr\u00e4sentiert wird, unter Verwendung einschl\u00e4giger Theorien, aus denen das Schicksal, die gl\u00fccklichen oder unheilvollen Ergebnisse und die Lebenstendenzen des Einzelnen abgeleitet werden.<\/p>\n<\/div>\n\n\n\n<div class=\"wp-block-column is-vertically-aligned-center is-layout-flow wp-block-column-is-layout-flow\" style=\"flex-basis:60%\">\n<figure class=\"wp-block-image size-full\"><img fetchpriority=\"high\" decoding=\"async\" width=\"2560\" height=\"2560\" src=\"https:\/\/fsdivination.com\/wp-content\/uploads\/2025\/11\/fBCrrDlIg-scaled.png\" alt=\"\" class=\"wp-image-7450\" srcset=\"https:\/\/fsdivination.com\/wp-content\/uploads\/2025\/11\/fBCrrDlIg-scaled.png 2560w, https:\/\/fsdivination.com\/wp-content\/uploads\/2025\/11\/fBCrrDlIg-300x300.png 300w, https:\/\/fsdivination.com\/wp-content\/uploads\/2025\/11\/fBCrrDlIg-1024x1024.png 1024w, https:\/\/fsdivination.com\/wp-content\/uploads\/2025\/11\/fBCrrDlIg-150x150.png 150w, https:\/\/fsdivination.com\/wp-content\/uploads\/2025\/11\/fBCrrDlIg-768x768.png 768w, https:\/\/fsdivination.com\/wp-content\/uploads\/2025\/11\/fBCrrDlIg-1536x1536.png 1536w, https:\/\/fsdivination.com\/wp-content\/uploads\/2025\/11\/fBCrrDlIg-2048x2048.png 2048w, https:\/\/fsdivination.com\/wp-content\/uploads\/2025\/11\/fBCrrDlIg-12x12.png 12w, https:\/\/fsdivination.com\/wp-content\/uploads\/2025\/11\/fBCrrDlIg-990x990.png 990w, https:\/\/fsdivination.com\/wp-content\/uploads\/2025\/11\/fBCrrDlIg-441x441.png 441w, https:\/\/fsdivination.com\/wp-content\/uploads\/2025\/11\/fBCrrDlIg-100x100.png 100w, https:\/\/fsdivination.com\/wp-content\/uploads\/2025\/11\/fBCrrDlIg-800x800.png 800w\" sizes=\"(max-width: 2560px) 100vw, 2560px\" \/><\/figure>\n\n\n\n<p><\/p>\n<\/div>\n<\/div>\n\n\n\n<div style=\"height:30px\" aria-hidden=\"true\" class=\"wp-block-spacer\"><\/div>\n\n\n\n<div class=\"wp-block-columns are-vertically-aligned-center is-layout-flex wp-container-core-columns-is-layout-28f84493 wp-block-columns-is-layout-flex\">\n<div class=\"wp-block-column is-vertically-aligned-center is-layout-flow wp-block-column-is-layout-flow\"><\/div>\n\n\n\n<div class=\"wp-block-column is-vertically-aligned-center is-layout-flow wp-block-column-is-layout-flow\" style=\"flex-basis:40%\"><\/div>\n<\/div>\n\n\n\n<div style=\"height:30px\" aria-hidden=\"true\" class=\"wp-block-spacer\"><\/div>\n\n\n\n<div class=\"wp-block-columns are-vertically-aligned-center is-layout-flex wp-container-core-columns-is-layout-28f84493 wp-block-columns-is-layout-flex\">\n<div class=\"wp-block-column is-vertically-aligned-center is-layout-flow wp-block-column-is-layout-flow\"><\/div>\n\n\n\n<div class=\"wp-block-column is-vertically-aligned-center is-layout-flow wp-block-column-is-layout-flow\" style=\"flex-basis:60%\">\n<p><\/p>\n<\/div>\n<\/div>\n\n\n\n<div style=\"height:30px\" aria-hidden=\"true\" class=\"wp-block-spacer\"><\/div>\n\n\n\n<div class=\"wp-block-columns are-vertically-aligned-center is-layout-flex wp-container-core-columns-is-layout-28f84493 wp-block-columns-is-layout-flex\">\n<div class=\"wp-block-column is-vertically-aligned-center is-layout-flow wp-block-column-is-layout-flow\"><\/div>\n<\/div>\n\n\n\n<div style=\"height:30px\" aria-hidden=\"true\" class=\"wp-block-spacer\"><\/div>\n\n\n\n<div class=\"wp-block-columns are-vertically-aligned-center is-layout-flex wp-container-core-columns-is-layout-28f84493 wp-block-columns-is-layout-flex\">\n<div class=\"wp-block-column is-vertically-aligned-center is-layout-flow wp-block-column-is-layout-flow\"><\/div>\n\n\n\n<div class=\"wp-block-column is-vertically-aligned-center is-layout-flow wp-block-column-is-layout-flow\" style=\"flex-basis:60%\">\n<p><\/p>\n<\/div>\n<\/div>\n\n\n\n<p><\/p>","protected":false},"excerpt":{"rendered":"<p>Bitte beachten Sie, dass es sich um ein Serviceprodukt handelt. Bevor Sie Ihre Bestellung aufgeben, wenden Sie sich bitte an unseren Kundendienst<\/p>\n<p>\u672c\u4ea7\u54c1\u4e3a\u670d\u52a1\u7c7b\u4ea7\u54c1\uff0c\u5728\u4e0b\u5355\u4e4b\u524d\uff0c\u8bf7\u5148\u4e0e\u5ba2\u670d\u8001\u5e08\u6c9f\u901a<\/p>","protected":false},"featured_media":7481,"comment_status":"open","ping_status":"closed","template":"","meta":[],"product_brand":[],"product_cat":[15],"product_tag":[34],"class_list":{"0":"post-7461","1":"product","2":"type-product","3":"status-publish","4":"has-post-thumbnail","6":"product_cat-feng-shui-and-fortune-telling","7":"product_tag-skinny","9":"first","10":"instock","11":"sale","12":"taxable","13":"shipping-taxable","14":"purchasable","15":"product-type-simple"},"jetpack_sharing_enabled":false,"_links":{"self":[{"href":"https:\/\/fsdivination.com\/de\/wp-json\/wp\/v2\/product\/7461","targetHints":{"allow":["GET"]}}],"collection":[{"href":"https:\/\/fsdivination.com\/de\/wp-json\/wp\/v2\/product"}],"about":[{"href":"https:\/\/fsdivination.com\/de\/wp-json\/wp\/v2\/types\/product"}],"replies":[{"embeddable":true,"href":"https:\/\/fsdivination.com\/de\/wp-json\/wp\/v2\/comments?post=7461"}],"wp:featuredmedia":[{"embeddable":true,"href":"https:\/\/fsdivination.com\/de\/wp-json\/wp\/v2\/media\/7481"}],"wp:attachment":[{"href":"https:\/\/fsdivination.com\/de\/wp-json\/wp\/v2\/media?parent=7461"}],"wp:term":[{"taxonomy":"product_brand","embeddable":true,"href":"https:\/\/fsdivination.com\/de\/wp-json\/wp\/v2\/product_brand?post=7461"},{"taxonomy":"product_cat","embeddable":true,"href":"https:\/\/fsdivination.com\/de\/wp-json\/wp\/v2\/product_cat?post=7461"},{"taxonomy":"product_tag","embeddable":true,"href":"https:\/\/fsdivination.com\/de\/wp-json\/wp\/v2\/product_tag?post=7461"}],"curies":[{"name":"wp","href":"https:\/\/api.w.org\/{rel}","templated":true}]}}