{"id":7462,"date":"2025-11-01T13:12:29","date_gmt":"2025-11-01T05:12:29","guid":{"rendered":"https:\/\/fsdivination.com\/?post_type=product&#038;p=7462"},"modified":"2025-11-11T02:49:22","modified_gmt":"2025-11-10T18:49:22","slug":"punish-the-villain-%e6%83%a9%e6%88%92%e5%b0%8f%e4%ba%ba","status":"publish","type":"product","link":"https:\/\/fsdivination.com\/de\/produkt\/punish-the-villain-%e6%83%a9%e6%88%92%e5%b0%8f%e4%ba%ba\/","title":{"rendered":"Den Schurken bestrafen (\u60e9\u6212\u5c0f\u4eba)"},"content":{"rendered":"<div class=\"wp-block-columns are-vertically-aligned-center is-layout-flex wp-container-core-columns-is-layout-28f84493 wp-block-columns-is-layout-flex\">\n<div class=\"wp-block-column is-vertically-aligned-center is-layout-flow wp-block-column-is-layout-flow\">\n<h2 class=\"wp-block-heading\">Den B\u00f6sewicht bestrafen <\/h2>\n\n\n\n<p>Den B\u00f6sewicht schlagen\u201d ist ein seit langem bestehendes Volksritual in der chinesischen Tradition, das symbolische Handlungen wie das Ausschneiden von Papierfiguren, das Schlagen und Verbrennen dieser Figuren umfasst, um den \u201cB\u00f6sewicht\u201d zu vertreiben - damit sind negative Faktoren gemeint, die dem eigenen Gl\u00fcck im Wege stehen, oder diejenigen, die Klatsch verbreiten. In der modernen Gesellschaft hat sich dieser Brauch zu einer Form der psychologischen Befreiung und kulturellen Erfahrung entwickelt, bei der sich psychologische Bed\u00fcrfnisse, kulturelle Symbole und volkst\u00fcmliches Erbe vermischen.<\/p>\n<\/div>\n\n\n\n<div class=\"wp-block-column is-vertically-aligned-center is-layout-flow wp-block-column-is-layout-flow\" style=\"flex-basis:60%\">\n<figure class=\"wp-block-image size-full\"><img fetchpriority=\"high\" decoding=\"async\" width=\"664\" height=\"980\" src=\"https:\/\/fsdivination.com\/wp-content\/uploads\/2025\/11\/\u5c4f\u5e55\u622a\u56fe_1-11-2025_114545_.jpeg\" alt=\"\" class=\"wp-image-7452\" srcset=\"https:\/\/fsdivination.com\/wp-content\/uploads\/2025\/11\/\u5c4f\u5e55\u622a\u56fe_1-11-2025_114545_.jpeg 664w, https:\/\/fsdivination.com\/wp-content\/uploads\/2025\/11\/\u5c4f\u5e55\u622a\u56fe_1-11-2025_114545_-203x300.jpeg 203w, https:\/\/fsdivination.com\/wp-content\/uploads\/2025\/11\/\u5c4f\u5e55\u622a\u56fe_1-11-2025_114545_-8x12.jpeg 8w, https:\/\/fsdivination.com\/wp-content\/uploads\/2025\/11\/\u5c4f\u5e55\u622a\u56fe_1-11-2025_114545_-441x651.jpeg 441w, https:\/\/fsdivination.com\/wp-content\/uploads\/2025\/11\/\u5c4f\u5e55\u622a\u56fe_1-11-2025_114545_-300x443.jpeg 300w, https:\/\/fsdivination.com\/wp-content\/uploads\/2025\/11\/\u5c4f\u5e55\u622a\u56fe_1-11-2025_114545_-150x221.jpeg 150w\" sizes=\"(max-width: 664px) 100vw, 664px\" \/><\/figure>\n\n\n\n<p><\/p>\n<\/div>\n<\/div>\n\n\n\n<div style=\"height:30px\" aria-hidden=\"true\" class=\"wp-block-spacer\"><\/div>\n\n\n\n<div class=\"wp-block-columns are-vertically-aligned-center is-layout-flex wp-container-core-columns-is-layout-28f84493 wp-block-columns-is-layout-flex\">\n<div class=\"wp-block-column is-vertically-aligned-center is-layout-flow wp-block-column-is-layout-flow\"><\/div>\n\n\n\n<div class=\"wp-block-column is-vertically-aligned-center is-layout-flow wp-block-column-is-layout-flow\" style=\"flex-basis:40%\"><\/div>\n<\/div>\n\n\n\n<div style=\"height:30px\" aria-hidden=\"true\" class=\"wp-block-spacer\"><\/div>\n\n\n\n<div class=\"wp-block-columns are-vertically-aligned-center is-layout-flex wp-container-core-columns-is-layout-28f84493 wp-block-columns-is-layout-flex\">\n<div class=\"wp-block-column is-vertically-aligned-center is-layout-flow wp-block-column-is-layout-flow\"><\/div>\n\n\n\n<div class=\"wp-block-column is-vertically-aligned-center is-layout-flow wp-block-column-is-layout-flow\" style=\"flex-basis:60%\">\n<p><\/p>\n<\/div>\n<\/div>\n\n\n\n<div style=\"height:30px\" aria-hidden=\"true\" class=\"wp-block-spacer\"><\/div>\n\n\n\n<div class=\"wp-block-columns are-vertically-aligned-center is-layout-flex wp-container-core-columns-is-layout-28f84493 wp-block-columns-is-layout-flex\">\n<div class=\"wp-block-column is-vertically-aligned-center is-layout-flow wp-block-column-is-layout-flow\"><\/div>\n<\/div>\n\n\n\n<div style=\"height:30px\" aria-hidden=\"true\" class=\"wp-block-spacer\"><\/div>\n\n\n\n<div class=\"wp-block-columns are-vertically-aligned-center is-layout-flex wp-container-core-columns-is-layout-28f84493 wp-block-columns-is-layout-flex\">\n<div class=\"wp-block-column is-vertically-aligned-center is-layout-flow wp-block-column-is-layout-flow\"><\/div>\n\n\n\n<div class=\"wp-block-column is-vertically-aligned-center is-layout-flow wp-block-column-is-layout-flow\" style=\"flex-basis:60%\">\n<p><\/p>\n<\/div>\n<\/div>\n\n\n\n<p><\/p>","protected":false},"excerpt":{"rendered":"<p>Dieses Produkt ist ein E-Book. Nachdem Sie Ihre Bestellung aufgegeben haben, senden Sie bitte eine Nachricht an den Verk\u00e4ufer, um die Datei zu erhalten. Hinterlassen Sie au\u00dferdem Ihre Postanschrift, und der Verk\u00e4ufer wird Ihnen einen Gl\u00fccksbringer schicken.<\/p>\n<p>\u6b64\u4e66\u5b9e\u7269\u4e3a\u7535\u5b50\u7248\uff0c\u62cd\u4e0b\u540e\u79c1\u4fe1\u8001\u5e08\u7ed9\u4f60\u53d1\u6587\u4ef6\u3002\u540c\u65f6\u7559\u4e0b\u4f60\u7684\u6536\u8d27\u5730\u5740\uff0c\u8001\u5e08\u4f1a\u5bc4\u4e00\u5f20\u5e73\u5b89\u7b26\u7ed9\u4f60<\/p>","protected":false},"featured_media":7480,"comment_status":"open","ping_status":"closed","template":"","meta":[],"product_brand":[],"product_cat":[15],"product_tag":[34],"class_list":{"0":"post-7462","1":"product","2":"type-product","3":"status-publish","4":"has-post-thumbnail","6":"product_cat-feng-shui-and-fortune-telling","7":"product_tag-skinny","9":"first","10":"instock","11":"sale","12":"taxable","13":"shipping-taxable","14":"purchasable","15":"product-type-simple"},"jetpack_sharing_enabled":false,"_links":{"self":[{"href":"https:\/\/fsdivination.com\/de\/wp-json\/wp\/v2\/product\/7462","targetHints":{"allow":["GET"]}}],"collection":[{"href":"https:\/\/fsdivination.com\/de\/wp-json\/wp\/v2\/product"}],"about":[{"href":"https:\/\/fsdivination.com\/de\/wp-json\/wp\/v2\/types\/product"}],"replies":[{"embeddable":true,"href":"https:\/\/fsdivination.com\/de\/wp-json\/wp\/v2\/comments?post=7462"}],"wp:featuredmedia":[{"embeddable":true,"href":"https:\/\/fsdivination.com\/de\/wp-json\/wp\/v2\/media\/7480"}],"wp:attachment":[{"href":"https:\/\/fsdivination.com\/de\/wp-json\/wp\/v2\/media?parent=7462"}],"wp:term":[{"taxonomy":"product_brand","embeddable":true,"href":"https:\/\/fsdivination.com\/de\/wp-json\/wp\/v2\/product_brand?post=7462"},{"taxonomy":"product_cat","embeddable":true,"href":"https:\/\/fsdivination.com\/de\/wp-json\/wp\/v2\/product_cat?post=7462"},{"taxonomy":"product_tag","embeddable":true,"href":"https:\/\/fsdivination.com\/de\/wp-json\/wp\/v2\/product_tag?post=7462"}],"curies":[{"name":"wp","href":"https:\/\/api.w.org\/{rel}","templated":true}]}}