{"id":7463,"date":"2025-11-01T13:22:38","date_gmt":"2025-11-01T05:22:38","guid":{"rendered":"https:\/\/fsdivination.com\/?post_type=product&#038;p=7463"},"modified":"2025-11-03T02:33:39","modified_gmt":"2025-11-02T18:33:39","slug":"talisman-%e5%a4%8d%e5%88%b6-2","status":"publish","type":"product","link":"https:\/\/fsdivination.com\/de\/produkt\/talisman-%e5%a4%8d%e5%88%b6-2\/","title":{"rendered":"\u00a0Eine Feng-Shui-Lesung(\u770b\u98ce\u6c34)"},"content":{"rendered":"<div class=\"wp-block-columns are-vertically-aligned-center is-layout-flex wp-container-core-columns-is-layout-28f84493 wp-block-columns-is-layout-flex\">\n<div class=\"wp-block-column is-vertically-aligned-center is-layout-flow wp-block-column-is-layout-flow\">\n<h2 class=\"wp-block-heading\">Feng Shui-Metaphysik<\/h2>\n\n\n\n<p>Die Feng-Shui-Metaphysik - eine traditionelle chinesische Kultur, deren Urspr\u00fcnge bis in die Jagdzeit der Urmenschen zur\u00fcckreichen - hat eine lange historische Entwicklung durchlaufen und sich allm\u00e4hlich zu einem eigenen System und zu einem wichtigen Zweig der traditionellen Kultur entwickelt. Diese Theorie, die auf den Prinzipien von Yin-Yang und den f\u00fcnf Elementen basiert, die acht Trigramme und neun Sterne als grundlegende Elemente verwendet und darauf abzielt, gl\u00fcckverhei\u00dfende Orte zu finden, hat jedoch...<\/p>\n<\/div>\n\n\n\n<div class=\"wp-block-column is-vertically-aligned-center is-layout-flow wp-block-column-is-layout-flow\" style=\"flex-basis:60%\">\n<figure class=\"wp-block-image size-full\"><img fetchpriority=\"high\" decoding=\"async\" width=\"520\" height=\"370\" src=\"https:\/\/fsdivination.com\/wp-content\/uploads\/2025\/11\/\u770b\u98ce\u6c34.jpg\" alt=\"\" class=\"wp-image-7465\" srcset=\"https:\/\/fsdivination.com\/wp-content\/uploads\/2025\/11\/\u770b\u98ce\u6c34.jpg 520w, https:\/\/fsdivination.com\/wp-content\/uploads\/2025\/11\/\u770b\u98ce\u6c34-300x213.jpg 300w, https:\/\/fsdivination.com\/wp-content\/uploads\/2025\/11\/\u770b\u98ce\u6c34-18x12.jpg 18w, https:\/\/fsdivination.com\/wp-content\/uploads\/2025\/11\/\u770b\u98ce\u6c34-441x314.jpg 441w, https:\/\/fsdivination.com\/wp-content\/uploads\/2025\/11\/\u770b\u98ce\u6c34-150x107.jpg 150w\" sizes=\"(max-width: 520px) 100vw, 520px\" \/><\/figure>\n\n\n\n<p><\/p>\n<\/div>\n<\/div>\n\n\n\n<div style=\"height:30px\" aria-hidden=\"true\" class=\"wp-block-spacer\"><\/div>\n\n\n\n<div class=\"wp-block-columns are-vertically-aligned-center is-layout-flex wp-container-core-columns-is-layout-28f84493 wp-block-columns-is-layout-flex\">\n<div class=\"wp-block-column is-vertically-aligned-center is-layout-flow wp-block-column-is-layout-flow\"><\/div>\n\n\n\n<div class=\"wp-block-column is-vertically-aligned-center is-layout-flow wp-block-column-is-layout-flow\" style=\"flex-basis:40%\"><\/div>\n<\/div>\n\n\n\n<div style=\"height:30px\" aria-hidden=\"true\" class=\"wp-block-spacer\"><\/div>\n\n\n\n<div class=\"wp-block-columns are-vertically-aligned-center is-layout-flex wp-container-core-columns-is-layout-28f84493 wp-block-columns-is-layout-flex\">\n<div class=\"wp-block-column is-vertically-aligned-center is-layout-flow wp-block-column-is-layout-flow\"><\/div>\n\n\n\n<div class=\"wp-block-column is-vertically-aligned-center is-layout-flow wp-block-column-is-layout-flow\" style=\"flex-basis:60%\">\n<p><\/p>\n<\/div>\n<\/div>\n\n\n\n<div style=\"height:30px\" aria-hidden=\"true\" class=\"wp-block-spacer\"><\/div>\n\n\n\n<div class=\"wp-block-columns are-vertically-aligned-center is-layout-flex wp-container-core-columns-is-layout-28f84493 wp-block-columns-is-layout-flex\">\n<div class=\"wp-block-column is-vertically-aligned-center is-layout-flow wp-block-column-is-layout-flow\"><\/div>\n<\/div>\n\n\n\n<div style=\"height:30px\" aria-hidden=\"true\" class=\"wp-block-spacer\"><\/div>\n\n\n\n<div class=\"wp-block-columns are-vertically-aligned-center is-layout-flex wp-container-core-columns-is-layout-28f84493 wp-block-columns-is-layout-flex\">\n<div class=\"wp-block-column is-vertically-aligned-center is-layout-flow wp-block-column-is-layout-flow\"><\/div>\n\n\n\n<div class=\"wp-block-column is-vertically-aligned-center is-layout-flow wp-block-column-is-layout-flow\" style=\"flex-basis:60%\">\n<p><\/p>\n<\/div>\n<\/div>\n\n\n\n<p><\/p>","protected":false},"excerpt":{"rendered":"<p>Bitte beachten Sie, dass es sich um ein Serviceprodukt handelt. Bevor Sie Ihre Bestellung aufgeben, wenden Sie sich bitte an unseren Kundendienst<\/p>\n<p>\u672c\u4ea7\u54c1\u4e3a\u670d\u52a1\u7c7b\u4ea7\u54c1\uff0c\u5728\u4e0b\u5355\u4e4b\u524d\uff0c\u8bf7\u5148\u4e0e\u5ba2\u670d\u8001\u5e08\u6c9f\u901a<\/p>","protected":false},"featured_media":7478,"comment_status":"open","ping_status":"closed","template":"","meta":[],"product_brand":[],"product_cat":[15],"product_tag":[34],"class_list":{"0":"post-7463","1":"product","2":"type-product","3":"status-publish","4":"has-post-thumbnail","6":"product_cat-feng-shui-and-fortune-telling","7":"product_tag-skinny","9":"first","10":"instock","11":"sale","12":"taxable","13":"shipping-taxable","14":"purchasable","15":"product-type-simple"},"jetpack_sharing_enabled":false,"_links":{"self":[{"href":"https:\/\/fsdivination.com\/de\/wp-json\/wp\/v2\/product\/7463","targetHints":{"allow":["GET"]}}],"collection":[{"href":"https:\/\/fsdivination.com\/de\/wp-json\/wp\/v2\/product"}],"about":[{"href":"https:\/\/fsdivination.com\/de\/wp-json\/wp\/v2\/types\/product"}],"replies":[{"embeddable":true,"href":"https:\/\/fsdivination.com\/de\/wp-json\/wp\/v2\/comments?post=7463"}],"wp:featuredmedia":[{"embeddable":true,"href":"https:\/\/fsdivination.com\/de\/wp-json\/wp\/v2\/media\/7478"}],"wp:attachment":[{"href":"https:\/\/fsdivination.com\/de\/wp-json\/wp\/v2\/media?parent=7463"}],"wp:term":[{"taxonomy":"product_brand","embeddable":true,"href":"https:\/\/fsdivination.com\/de\/wp-json\/wp\/v2\/product_brand?post=7463"},{"taxonomy":"product_cat","embeddable":true,"href":"https:\/\/fsdivination.com\/de\/wp-json\/wp\/v2\/product_cat?post=7463"},{"taxonomy":"product_tag","embeddable":true,"href":"https:\/\/fsdivination.com\/de\/wp-json\/wp\/v2\/product_tag?post=7463"}],"curies":[{"name":"wp","href":"https:\/\/api.w.org\/{rel}","templated":true}]}}