{"id":7466,"date":"2025-11-01T13:28:38","date_gmt":"2025-11-01T05:28:38","guid":{"rendered":"https:\/\/fsdivination.com\/?post_type=product&#038;p=7466"},"modified":"2025-11-11T03:30:09","modified_gmt":"2025-11-10T19:30:09","slug":"talisman-%e5%a4%8d%e5%88%b6-3","status":"publish","type":"product","link":"https:\/\/fsdivination.com\/de\/produkt\/talisman-%e5%a4%8d%e5%88%b6-3\/","title":{"rendered":"Spiritualismus(\u901a\u9748)"},"content":{"rendered":"<div class=\"wp-block-columns are-vertically-aligned-center is-layout-flex wp-container-core-columns-is-layout-28f84493 wp-block-columns-is-layout-flex\">\n<div class=\"wp-block-column is-vertically-aligned-center is-layout-flow wp-block-column-is-layout-flow\">\n<h2 class=\"wp-block-heading\"><strong>\u00dcbersinnliches<\/strong><\/h2>\n\n\n\n<p><strong>Das spirituelle Medium<\/strong>, Eine einzigartige Berufung, die st\u00e4ndig die Grenze zwischen dem Reich der Lebenden und dem der Toten \u00fcberschreitet. Sie besitzen die F\u00e4higkeit, direkt mit G\u00f6ttern, Geistern und den Seelen der Verstorbenen zu kommunizieren und sich die Macht dieser \u00e4therischen Wesen zunutze zu machen, um Krankheiten zu heilen, tiefe Dilemmata zu l\u00f6sen und sogar Wunderk\u00fcnste zu vollbringen, die f\u00fcr normale Menschen unerreichbar sind.<\/p>\n\n\n\n<p>Ihre Aufgabe ist es, die Zwietracht zwischen den beiden Reichen zu schlichten, das Gleichgewicht wiederherzustellen, die gerechten Energien von Himmel und Erde zu harmonisieren und menschliches Leid zu lindern. Obwohl die Welt der Lebenden und das Reich der Toten von Natur aus verschieden sind, sind sie eng miteinander verbunden. Dennoch halten sich unter den Lebenden oft ruhelose Geister auf - ihre ungel\u00f6sten Probleme aus dem Leben suchen die Welt der Sterblichen weiterhin heim und st\u00f6ren ihre Bewohner.<\/p>\n\n\n\n<p>Es obliegt dem spirituellen Medium, solche St\u00f6rungen zu beheben. Indem sie mit der Unterwelt in Kontakt treten und Vereinbarungen treffen, sorgen sie daf\u00fcr, dass diese gest\u00f6rten Seelen den Lebenden keinen Schaden mehr zuf\u00fcgen.<\/p>\n<\/div>\n\n\n\n<div class=\"wp-block-column is-vertically-aligned-center is-layout-flow wp-block-column-is-layout-flow\" style=\"flex-basis:60%\">\n<figure class=\"wp-block-image size-full\"><img fetchpriority=\"high\" decoding=\"async\" width=\"1608\" height=\"2160\" src=\"https:\/\/fsdivination.com\/wp-content\/uploads\/2025\/11\/fBQtIgxZZ.png\" alt=\"\" class=\"wp-image-7469\" srcset=\"https:\/\/fsdivination.com\/wp-content\/uploads\/2025\/11\/fBQtIgxZZ.png 1608w, https:\/\/fsdivination.com\/wp-content\/uploads\/2025\/11\/fBQtIgxZZ-223x300.png 223w, https:\/\/fsdivination.com\/wp-content\/uploads\/2025\/11\/fBQtIgxZZ-762x1024.png 762w, https:\/\/fsdivination.com\/wp-content\/uploads\/2025\/11\/fBQtIgxZZ-768x1032.png 768w, https:\/\/fsdivination.com\/wp-content\/uploads\/2025\/11\/fBQtIgxZZ-1143x1536.png 1143w, https:\/\/fsdivination.com\/wp-content\/uploads\/2025\/11\/fBQtIgxZZ-1525x2048.png 1525w, https:\/\/fsdivination.com\/wp-content\/uploads\/2025\/11\/fBQtIgxZZ-9x12.png 9w, https:\/\/fsdivination.com\/wp-content\/uploads\/2025\/11\/fBQtIgxZZ-990x1330.png 990w, https:\/\/fsdivination.com\/wp-content\/uploads\/2025\/11\/fBQtIgxZZ-441x592.png 441w, https:\/\/fsdivination.com\/wp-content\/uploads\/2025\/11\/fBQtIgxZZ-300x403.png 300w, https:\/\/fsdivination.com\/wp-content\/uploads\/2025\/11\/fBQtIgxZZ-800x1075.png 800w, https:\/\/fsdivination.com\/wp-content\/uploads\/2025\/11\/fBQtIgxZZ-150x201.png 150w\" sizes=\"(max-width: 1608px) 100vw, 1608px\" \/><\/figure>\n\n\n\n<p><\/p>\n<\/div>\n<\/div>\n\n\n\n<div style=\"height:30px\" aria-hidden=\"true\" class=\"wp-block-spacer\"><\/div>\n\n\n\n<div class=\"wp-block-columns are-vertically-aligned-center is-layout-flex wp-container-core-columns-is-layout-28f84493 wp-block-columns-is-layout-flex\">\n<div class=\"wp-block-column is-vertically-aligned-center is-layout-flow wp-block-column-is-layout-flow\"><\/div>\n\n\n\n<div class=\"wp-block-column is-vertically-aligned-center is-layout-flow wp-block-column-is-layout-flow\" style=\"flex-basis:40%\">\n<h2 class=\"wp-block-heading\"><\/h2>\n<\/div>\n<\/div>\n\n\n\n<div style=\"height:30px\" aria-hidden=\"true\" class=\"wp-block-spacer\"><\/div>\n\n\n\n<div class=\"wp-block-columns are-vertically-aligned-center is-layout-flex wp-container-core-columns-is-layout-28f84493 wp-block-columns-is-layout-flex\">\n<div class=\"wp-block-column is-vertically-aligned-center is-layout-flow wp-block-column-is-layout-flow\"><\/div>\n\n\n\n<div class=\"wp-block-column is-vertically-aligned-center is-layout-flow wp-block-column-is-layout-flow\" style=\"flex-basis:60%\">\n<p><\/p>\n<\/div>\n<\/div>\n\n\n\n<div style=\"height:30px\" aria-hidden=\"true\" class=\"wp-block-spacer\"><\/div>\n\n\n\n<div class=\"wp-block-columns are-vertically-aligned-center is-layout-flex wp-container-core-columns-is-layout-28f84493 wp-block-columns-is-layout-flex\">\n<div class=\"wp-block-column is-vertically-aligned-center is-layout-flow wp-block-column-is-layout-flow\"><\/div>\n<\/div>\n\n\n\n<div style=\"height:30px\" aria-hidden=\"true\" class=\"wp-block-spacer\"><\/div>\n\n\n\n<div class=\"wp-block-columns are-vertically-aligned-center is-layout-flex wp-container-core-columns-is-layout-28f84493 wp-block-columns-is-layout-flex\">\n<div class=\"wp-block-column is-vertically-aligned-center is-layout-flow wp-block-column-is-layout-flow\"><\/div>\n\n\n\n<div class=\"wp-block-column is-vertically-aligned-center is-layout-flow wp-block-column-is-layout-flow\" style=\"flex-basis:60%\">\n<p><\/p>\n<\/div>\n<\/div>\n\n\n\n<p><\/p>","protected":false},"excerpt":{"rendered":"<p>Bitte beachten Sie, dass es sich um ein Serviceprodukt handelt. Bevor Sie Ihre Bestellung aufgeben, wenden Sie sich bitte an unseren Kundendienst.<\/p>\n<p>\u672c\u4ea7\u54c1\u4e3a\u670d\u52a1\u7c7b\u4ea7\u54c1\uff0c\u5728\u4e0b\u5355\u4e4b\u524d\uff0c\u8bf7\u5148\u4e0e\u5ba2\u670d\u8001\u5e08\u6c9f\u901a<\/p>","protected":false},"featured_media":7479,"comment_status":"open","ping_status":"closed","template":"","meta":[],"product_brand":[],"product_cat":[15],"product_tag":[34],"class_list":{"0":"post-7466","1":"product","2":"type-product","3":"status-publish","4":"has-post-thumbnail","6":"product_cat-feng-shui-and-fortune-telling","7":"product_tag-skinny","9":"first","10":"instock","11":"sale","12":"taxable","13":"shipping-taxable","14":"purchasable","15":"product-type-simple"},"jetpack_sharing_enabled":false,"_links":{"self":[{"href":"https:\/\/fsdivination.com\/de\/wp-json\/wp\/v2\/product\/7466","targetHints":{"allow":["GET"]}}],"collection":[{"href":"https:\/\/fsdivination.com\/de\/wp-json\/wp\/v2\/product"}],"about":[{"href":"https:\/\/fsdivination.com\/de\/wp-json\/wp\/v2\/types\/product"}],"replies":[{"embeddable":true,"href":"https:\/\/fsdivination.com\/de\/wp-json\/wp\/v2\/comments?post=7466"}],"wp:featuredmedia":[{"embeddable":true,"href":"https:\/\/fsdivination.com\/de\/wp-json\/wp\/v2\/media\/7479"}],"wp:attachment":[{"href":"https:\/\/fsdivination.com\/de\/wp-json\/wp\/v2\/media?parent=7466"}],"wp:term":[{"taxonomy":"product_brand","embeddable":true,"href":"https:\/\/fsdivination.com\/de\/wp-json\/wp\/v2\/product_brand?post=7466"},{"taxonomy":"product_cat","embeddable":true,"href":"https:\/\/fsdivination.com\/de\/wp-json\/wp\/v2\/product_cat?post=7466"},{"taxonomy":"product_tag","embeddable":true,"href":"https:\/\/fsdivination.com\/de\/wp-json\/wp\/v2\/product_tag?post=7466"}],"curies":[{"name":"wp","href":"https:\/\/api.w.org\/{rel}","templated":true}]}}