{"id":7515,"date":"2025-11-10T01:15:40","date_gmt":"2025-11-09T17:15:40","guid":{"rendered":"https:\/\/fsdivination.com\/?post_type=product&#038;p=7515"},"modified":"2026-01-18T02:43:52","modified_gmt":"2026-01-17T18:43:52","slug":"spring-nights-allure","status":"publish","type":"product","link":"https:\/\/fsdivination.com\/de\/produkt\/spring-nights-allure\/","title":{"rendered":"Gegen Heuschnupfen"},"content":{"rendered":"<div class=\"wp-block-columns are-vertically-aligned-center is-layout-flex wp-container-core-columns-is-layout-28f84493 wp-block-columns-is-layout-flex\">\n<div class=\"wp-block-column is-vertically-aligned-center is-layout-flow wp-block-column-is-layout-flow\">\n<h2 class=\"wp-block-heading\">Die generativen und restriktiven Zyklen der F\u00fcnf Elemente.<\/h2>\n\n\n\n<p>.Alle Dinge in der Welt haben ihren Ursprung in den f\u00fcnf Elementen - Metall, Holz, Wasser, Feuer und Erde. Diese Elemente interagieren durch gegenseitige Erzeugung und Zur\u00fcckhaltung und erreichen so ein perfektes Gleichgewicht.<\/p>\n<\/div>\n\n\n\n<div class=\"wp-block-column is-vertically-aligned-center is-layout-flow wp-block-column-is-layout-flow\" style=\"flex-basis:60%\">\n<figure class=\"wp-block-image size-full\"><img fetchpriority=\"high\" decoding=\"async\" width=\"800\" height=\"800\" src=\"https:\/\/fsdivination.com\/wp-content\/uploads\/2018\/05\/A4A1737D4448BE9209A0A0947AA17C89.png\" alt=\"\" class=\"wp-image-7195\" srcset=\"https:\/\/fsdivination.com\/wp-content\/uploads\/2018\/05\/A4A1737D4448BE9209A0A0947AA17C89.png 800w, https:\/\/fsdivination.com\/wp-content\/uploads\/2018\/05\/A4A1737D4448BE9209A0A0947AA17C89-300x300.png 300w, https:\/\/fsdivination.com\/wp-content\/uploads\/2018\/05\/A4A1737D4448BE9209A0A0947AA17C89-150x150.png 150w, https:\/\/fsdivination.com\/wp-content\/uploads\/2018\/05\/A4A1737D4448BE9209A0A0947AA17C89-768x768.png 768w, https:\/\/fsdivination.com\/wp-content\/uploads\/2018\/05\/A4A1737D4448BE9209A0A0947AA17C89-12x12.png 12w, https:\/\/fsdivination.com\/wp-content\/uploads\/2018\/05\/A4A1737D4448BE9209A0A0947AA17C89-441x441.png 441w, https:\/\/fsdivination.com\/wp-content\/uploads\/2018\/05\/A4A1737D4448BE9209A0A0947AA17C89-100x100.png 100w\" sizes=\"(max-width: 800px) 100vw, 800px\" \/><\/figure>\n\n\n\n<p><\/p>\n<\/div>\n<\/div>\n\n\n\n<div style=\"height:30px\" aria-hidden=\"true\" class=\"wp-block-spacer\"><\/div>\n\n\n\n<div class=\"wp-block-columns are-vertically-aligned-center is-layout-flex wp-container-core-columns-is-layout-28f84493 wp-block-columns-is-layout-flex\">\n<div class=\"wp-block-column is-vertically-aligned-center is-layout-flow wp-block-column-is-layout-flow\">\n<figure class=\"wp-block-image size-full\"><img decoding=\"async\" width=\"800\" height=\"800\" src=\"https:\/\/fsdivination.com\/wp-content\/uploads\/2018\/05\/92406328EECE72BDDEEFC38E590D9729.png\" alt=\"\" class=\"wp-image-7194\" srcset=\"https:\/\/fsdivination.com\/wp-content\/uploads\/2018\/05\/92406328EECE72BDDEEFC38E590D9729.png 800w, https:\/\/fsdivination.com\/wp-content\/uploads\/2018\/05\/92406328EECE72BDDEEFC38E590D9729-300x300.png 300w, https:\/\/fsdivination.com\/wp-content\/uploads\/2018\/05\/92406328EECE72BDDEEFC38E590D9729-150x150.png 150w, https:\/\/fsdivination.com\/wp-content\/uploads\/2018\/05\/92406328EECE72BDDEEFC38E590D9729-768x768.png 768w, https:\/\/fsdivination.com\/wp-content\/uploads\/2018\/05\/92406328EECE72BDDEEFC38E590D9729-12x12.png 12w, https:\/\/fsdivination.com\/wp-content\/uploads\/2018\/05\/92406328EECE72BDDEEFC38E590D9729-441x441.png 441w, https:\/\/fsdivination.com\/wp-content\/uploads\/2018\/05\/92406328EECE72BDDEEFC38E590D9729-100x100.png 100w\" sizes=\"(max-width: 800px) 100vw, 800px\" \/><\/figure>\n<\/div>\n\n\n\n<div class=\"wp-block-column is-vertically-aligned-center is-layout-flow wp-block-column-is-layout-flow\" style=\"flex-basis:40%\">\n<h2 class=\"wp-block-heading\">Repr\u00e4sentative Liste des immateriellen Kulturerbes der Menschheit<\/h2>\n\n\n\n<p>Die traditionelle chinesische Medizin, die als immaterielles Kulturerbe der Menschheit anerkannt ist, verwendet nat\u00fcrliche Kr\u00e4uter als Heilmittel. Sie wendet die Theorie des Gleichgewichts der f\u00fcnf Elemente an, um Blockaden in den Meridianen des K\u00f6rpers zu l\u00f6sen und therapeutische Ziele zu erreichen.<\/p>\n<\/div>\n<\/div>\n\n\n\n<div style=\"height:30px\" aria-hidden=\"true\" class=\"wp-block-spacer\"><\/div>\n\n\n\n<div class=\"wp-block-columns are-vertically-aligned-center is-layout-flex wp-container-core-columns-is-layout-28f84493 wp-block-columns-is-layout-flex\">\n<div class=\"wp-block-column is-vertically-aligned-center is-layout-flow wp-block-column-is-layout-flow\">\n<h2 class=\"wp-block-heading\">Von Hand gefertigt Nach traditionellen Methoden gefertigt<\/h2>\n\n\n\n<p>Handgefertigt aus rein nat\u00fcrlichen chinesischen Kr\u00e4uterpulvern, ohne chemische Zus\u00e4tze. Traditionelles Nanmu-Holzpulver wird als Bindemittel verwendet<\/p>\n<\/div>\n\n\n\n<div class=\"wp-block-column is-vertically-aligned-center is-layout-flow wp-block-column-is-layout-flow\" style=\"flex-basis:60%\">\n<figure class=\"wp-block-image size-full\"><img decoding=\"async\" width=\"900\" height=\"735\" src=\"https:\/\/fsdivination.com\/wp-content\/uploads\/2018\/05\/7462D101C3910C00D54F9368F2036FE4.png\" alt=\"\" class=\"wp-image-7193\" srcset=\"https:\/\/fsdivination.com\/wp-content\/uploads\/2018\/05\/7462D101C3910C00D54F9368F2036FE4.png 900w, https:\/\/fsdivination.com\/wp-content\/uploads\/2018\/05\/7462D101C3910C00D54F9368F2036FE4-300x245.png 300w, https:\/\/fsdivination.com\/wp-content\/uploads\/2018\/05\/7462D101C3910C00D54F9368F2036FE4-768x627.png 768w, https:\/\/fsdivination.com\/wp-content\/uploads\/2018\/05\/7462D101C3910C00D54F9368F2036FE4-15x12.png 15w, https:\/\/fsdivination.com\/wp-content\/uploads\/2018\/05\/7462D101C3910C00D54F9368F2036FE4-441x360.png 441w, https:\/\/fsdivination.com\/wp-content\/uploads\/2018\/05\/7462D101C3910C00D54F9368F2036FE4-800x653.png 800w, https:\/\/fsdivination.com\/wp-content\/uploads\/2018\/05\/7462D101C3910C00D54F9368F2036FE4-150x123.png 150w\" sizes=\"(max-width: 900px) 100vw, 900px\" \/><\/figure>\n\n\n\n<p><\/p>\n<\/div>\n<\/div>\n\n\n\n<div style=\"height:30px\" aria-hidden=\"true\" class=\"wp-block-spacer\"><\/div>\n\n\n\n<div class=\"wp-block-columns are-vertically-aligned-center is-layout-flex wp-container-core-columns-is-layout-28f84493 wp-block-columns-is-layout-flex\">\n<div class=\"wp-block-column is-vertically-aligned-center is-layout-flow wp-block-column-is-layout-flow\"><\/div>\n<\/div>\n\n\n\n<div style=\"height:30px\" aria-hidden=\"true\" class=\"wp-block-spacer\"><\/div>\n\n\n\n<div class=\"wp-block-columns are-vertically-aligned-center is-layout-flex wp-container-core-columns-is-layout-28f84493 wp-block-columns-is-layout-flex\">\n<div class=\"wp-block-column is-vertically-aligned-center is-layout-flow wp-block-column-is-layout-flow\"><\/div>\n\n\n\n<div class=\"wp-block-column is-vertically-aligned-center is-layout-flow wp-block-column-is-layout-flow\" style=\"flex-basis:60%\">\n<p><\/p>\n<\/div>\n<\/div>","protected":false},"excerpt":{"rendered":"<p>Jede Mischung wird aus wertvollen nat\u00fcrlichen Kr\u00e4utern und nach geheimen Familienrezepten von einem Meister von Hand zubereitet. Die einzigartige Kombination der Inhaltsstoffe bestimmt ihre ausgepr\u00e4gte F\u00fcnf-Elemente-Energie-Eigenschaft.<\/p>","protected":false},"featured_media":7533,"comment_status":"open","ping_status":"closed","template":"","meta":[],"product_brand":[],"product_cat":[51],"product_tag":[34],"class_list":{"0":"post-7515","1":"product","2":"type-product","3":"status-publish","4":"has-post-thumbnail","6":"product_cat-prayer-beads","7":"product_tag-skinny","9":"first","10":"instock","11":"sale","12":"taxable","13":"shipping-taxable","14":"purchasable","15":"product-type-simple"},"jetpack_sharing_enabled":false,"_links":{"self":[{"href":"https:\/\/fsdivination.com\/de\/wp-json\/wp\/v2\/product\/7515","targetHints":{"allow":["GET"]}}],"collection":[{"href":"https:\/\/fsdivination.com\/de\/wp-json\/wp\/v2\/product"}],"about":[{"href":"https:\/\/fsdivination.com\/de\/wp-json\/wp\/v2\/types\/product"}],"replies":[{"embeddable":true,"href":"https:\/\/fsdivination.com\/de\/wp-json\/wp\/v2\/comments?post=7515"}],"wp:featuredmedia":[{"embeddable":true,"href":"https:\/\/fsdivination.com\/de\/wp-json\/wp\/v2\/media\/7533"}],"wp:attachment":[{"href":"https:\/\/fsdivination.com\/de\/wp-json\/wp\/v2\/media?parent=7515"}],"wp:term":[{"taxonomy":"product_brand","embeddable":true,"href":"https:\/\/fsdivination.com\/de\/wp-json\/wp\/v2\/product_brand?post=7515"},{"taxonomy":"product_cat","embeddable":true,"href":"https:\/\/fsdivination.com\/de\/wp-json\/wp\/v2\/product_cat?post=7515"},{"taxonomy":"product_tag","embeddable":true,"href":"https:\/\/fsdivination.com\/de\/wp-json\/wp\/v2\/product_tag?post=7515"}],"curies":[{"name":"wp","href":"https:\/\/api.w.org\/{rel}","templated":true}]}}