{"id":7461,"date":"2025-11-01T13:05:30","date_gmt":"2025-11-01T05:05:30","guid":{"rendered":"https:\/\/fsdivination.com\/?post_type=product&#038;p=7461"},"modified":"2025-11-11T03:12:33","modified_gmt":"2025-11-10T19:12:33","slug":"chinese-fortune-telling-ba-zi-%e7%ae%97%e5%91%bd%e6%89%b9%e5%85%ab%e5%ad%97","status":"publish","type":"product","link":"https:\/\/fsdivination.com\/es\/producto\/chinese-fortune-telling-ba-zi-%e7%ae%97%e5%91%bd%e6%89%b9%e5%85%ab%e5%ad%97\/","title":{"rendered":"Adivinaci\u00f3n china (Ba Zi) (\u7b97\u547d\u6279\u516b\u5b57)"},"content":{"rendered":"<div class=\"wp-block-columns are-vertically-aligned-center is-layout-flex wp-container-core-columns-is-layout-28f84493 wp-block-columns-is-layout-flex\">\n<div class=\"wp-block-column is-vertically-aligned-center is-layout-flow wp-block-column-is-layout-flow\">\n<h2 class=\"wp-block-heading\"><strong>Los principios del an\u00e1lisis Bazi<\/strong><\/h2>\n\n\n\n<p><strong>Adivinaci\u00f3n Bazi<\/strong>&nbsp;es una forma de metaf\u00edsica tradicional china que predice el destino vital de un individuo en funci\u00f3n de su hora de nacimiento, expresado en forma de cuatro pares de Tallos Celestiales y Ramas Terrenales (conocidos como los&nbsp;<strong>Cuatro pilares y ocho caracteres<\/strong>). Sus teor\u00edas fundamentales incluyen los sistemas de Tallos Celestiales y Ramas Terrenales, el Yin-Yang y los Cinco Elementos.<\/p>\n\n\n\n<p>La pr\u00e1ctica de&nbsp;<strong>An\u00e1lisis de Bazi<\/strong>&nbsp;se origin\u00f3 en la dinast\u00eda Tang, cuando&nbsp;<strong>Li Xuzhong<\/strong>&nbsp;fue pionero en la predicci\u00f3n del destino utilizando los pilares del a\u00f1o, el mes y el d\u00eda. Durante las Cinco Dinast\u00edas y principios de la dinast\u00eda Song,&nbsp;<strong>Xu Ziping<\/strong>&nbsp;introdujo el pilar horario, estableciendo el&nbsp;<strong>Sistema de los Cuatro Pilares<\/strong>. En las dinast\u00edas Ming y Qing, la publicaci\u00f3n de textos fundacionales como&nbsp;<em>\u201cYuan Hai Zi Ping\u201d<\/em>&nbsp;y&nbsp;<em>\u201cSan Ming Tong Hui\u201d<\/em>&nbsp;marc\u00f3 la maduraci\u00f3n de su marco te\u00f3rico.<\/p>\n\n\n\n<p>Bas\u00e1ndose en el Bazi de una persona, los analistas determinan varios aspectos de su vida, entre ellos&nbsp;<strong>relaciones familiares, personalidad, matrimonio, carrera y riqueza<\/strong>, Evaluar su naturaleza, calidad y potencial.&nbsp;<strong>An\u00e1lisis de Bazi<\/strong>&nbsp;implica una interpretaci\u00f3n exhaustiva del destino representado por los Ocho Caracteres utilizando las teor\u00edas pertinentes, a trav\u00e9s de las cuales se infieren la fortuna, los resultados auspiciosos u ominosos y las tendencias vitales del individuo.<\/p>\n<\/div>\n\n\n\n<div class=\"wp-block-column is-vertically-aligned-center is-layout-flow wp-block-column-is-layout-flow\" style=\"flex-basis:60%\">\n<figure class=\"wp-block-image size-full\"><img fetchpriority=\"high\" decoding=\"async\" width=\"2560\" height=\"2560\" src=\"https:\/\/fsdivination.com\/wp-content\/uploads\/2025\/11\/fBCrrDlIg-scaled.png\" alt=\"\" class=\"wp-image-7450\" srcset=\"https:\/\/fsdivination.com\/wp-content\/uploads\/2025\/11\/fBCrrDlIg-scaled.png 2560w, https:\/\/fsdivination.com\/wp-content\/uploads\/2025\/11\/fBCrrDlIg-300x300.png 300w, https:\/\/fsdivination.com\/wp-content\/uploads\/2025\/11\/fBCrrDlIg-1024x1024.png 1024w, https:\/\/fsdivination.com\/wp-content\/uploads\/2025\/11\/fBCrrDlIg-150x150.png 150w, https:\/\/fsdivination.com\/wp-content\/uploads\/2025\/11\/fBCrrDlIg-768x768.png 768w, https:\/\/fsdivination.com\/wp-content\/uploads\/2025\/11\/fBCrrDlIg-1536x1536.png 1536w, https:\/\/fsdivination.com\/wp-content\/uploads\/2025\/11\/fBCrrDlIg-2048x2048.png 2048w, https:\/\/fsdivination.com\/wp-content\/uploads\/2025\/11\/fBCrrDlIg-12x12.png 12w, https:\/\/fsdivination.com\/wp-content\/uploads\/2025\/11\/fBCrrDlIg-990x990.png 990w, https:\/\/fsdivination.com\/wp-content\/uploads\/2025\/11\/fBCrrDlIg-441x441.png 441w, https:\/\/fsdivination.com\/wp-content\/uploads\/2025\/11\/fBCrrDlIg-100x100.png 100w, https:\/\/fsdivination.com\/wp-content\/uploads\/2025\/11\/fBCrrDlIg-800x800.png 800w\" sizes=\"(max-width: 2560px) 100vw, 2560px\" \/><\/figure>\n\n\n\n<p><\/p>\n<\/div>\n<\/div>\n\n\n\n<div style=\"height:30px\" aria-hidden=\"true\" class=\"wp-block-spacer\"><\/div>\n\n\n\n<div class=\"wp-block-columns are-vertically-aligned-center is-layout-flex wp-container-core-columns-is-layout-28f84493 wp-block-columns-is-layout-flex\">\n<div class=\"wp-block-column is-vertically-aligned-center is-layout-flow wp-block-column-is-layout-flow\"><\/div>\n\n\n\n<div class=\"wp-block-column is-vertically-aligned-center is-layout-flow wp-block-column-is-layout-flow\" style=\"flex-basis:40%\"><\/div>\n<\/div>\n\n\n\n<div style=\"height:30px\" aria-hidden=\"true\" class=\"wp-block-spacer\"><\/div>\n\n\n\n<div class=\"wp-block-columns are-vertically-aligned-center is-layout-flex wp-container-core-columns-is-layout-28f84493 wp-block-columns-is-layout-flex\">\n<div class=\"wp-block-column is-vertically-aligned-center is-layout-flow wp-block-column-is-layout-flow\"><\/div>\n\n\n\n<div class=\"wp-block-column is-vertically-aligned-center is-layout-flow wp-block-column-is-layout-flow\" style=\"flex-basis:60%\">\n<p><\/p>\n<\/div>\n<\/div>\n\n\n\n<div style=\"height:30px\" aria-hidden=\"true\" class=\"wp-block-spacer\"><\/div>\n\n\n\n<div class=\"wp-block-columns are-vertically-aligned-center is-layout-flex wp-container-core-columns-is-layout-28f84493 wp-block-columns-is-layout-flex\">\n<div class=\"wp-block-column is-vertically-aligned-center is-layout-flow wp-block-column-is-layout-flow\"><\/div>\n<\/div>\n\n\n\n<div style=\"height:30px\" aria-hidden=\"true\" class=\"wp-block-spacer\"><\/div>\n\n\n\n<div class=\"wp-block-columns are-vertically-aligned-center is-layout-flex wp-container-core-columns-is-layout-28f84493 wp-block-columns-is-layout-flex\">\n<div class=\"wp-block-column is-vertically-aligned-center is-layout-flow wp-block-column-is-layout-flow\"><\/div>\n\n\n\n<div class=\"wp-block-column is-vertically-aligned-center is-layout-flow wp-block-column-is-layout-flow\" style=\"flex-basis:60%\">\n<p><\/p>\n<\/div>\n<\/div>\n\n\n\n<p><\/p>","protected":false},"excerpt":{"rendered":"<p>Tenga en cuenta que se trata de un producto de servicio. Antes de realizar su pedido, consulte con nuestro equipo de atenci\u00f3n al cliente.<\/p>\n<p>\u672c\u4ea7\u54c1\u4e3a\u670d\u52a1\u7c7b\u4ea7\u54c1\uff0c\u5728\u4e0b\u5355\u4e4b\u524d\uff0c\u8bf7\u5148\u4e0e\u5ba2\u670d\u8001\u5e08\u6c9f\u901a<\/p>","protected":false},"featured_media":7481,"comment_status":"open","ping_status":"closed","template":"","meta":[],"product_brand":[],"product_cat":[15],"product_tag":[34],"class_list":{"0":"post-7461","1":"product","2":"type-product","3":"status-publish","4":"has-post-thumbnail","6":"product_cat-feng-shui-and-fortune-telling","7":"product_tag-skinny","9":"first","10":"instock","11":"sale","12":"taxable","13":"shipping-taxable","14":"purchasable","15":"product-type-simple"},"jetpack_sharing_enabled":false,"_links":{"self":[{"href":"https:\/\/fsdivination.com\/es\/wp-json\/wp\/v2\/product\/7461","targetHints":{"allow":["GET"]}}],"collection":[{"href":"https:\/\/fsdivination.com\/es\/wp-json\/wp\/v2\/product"}],"about":[{"href":"https:\/\/fsdivination.com\/es\/wp-json\/wp\/v2\/types\/product"}],"replies":[{"embeddable":true,"href":"https:\/\/fsdivination.com\/es\/wp-json\/wp\/v2\/comments?post=7461"}],"wp:featuredmedia":[{"embeddable":true,"href":"https:\/\/fsdivination.com\/es\/wp-json\/wp\/v2\/media\/7481"}],"wp:attachment":[{"href":"https:\/\/fsdivination.com\/es\/wp-json\/wp\/v2\/media?parent=7461"}],"wp:term":[{"taxonomy":"product_brand","embeddable":true,"href":"https:\/\/fsdivination.com\/es\/wp-json\/wp\/v2\/product_brand?post=7461"},{"taxonomy":"product_cat","embeddable":true,"href":"https:\/\/fsdivination.com\/es\/wp-json\/wp\/v2\/product_cat?post=7461"},{"taxonomy":"product_tag","embeddable":true,"href":"https:\/\/fsdivination.com\/es\/wp-json\/wp\/v2\/product_tag?post=7461"}],"curies":[{"name":"wp","href":"https:\/\/api.w.org\/{rel}","templated":true}]}}