{"id":7521,"date":"2025-11-10T01:23:53","date_gmt":"2025-11-09T17:23:53","guid":{"rendered":"https:\/\/fsdivination.com\/?post_type=product&#038;p=7521"},"modified":"2025-11-10T01:24:25","modified_gmt":"2025-11-09T17:24:25","slug":"five-elements-bracelet-with-lucky-bead%ef%bc%88metal%ef%bc%89","status":"publish","type":"product","link":"https:\/\/fsdivination.com\/es\/producto\/five-elements-bracelet-with-lucky-bead%ef%bc%88metal%ef%bc%89\/","title":{"rendered":"Pulsera Cinco Elementos con Cuenta de la Suerte\uff08Metal\uff09"},"content":{"rendered":"<div class=\"wp-block-columns are-vertically-aligned-center is-layout-flex wp-container-core-columns-is-layout-28f84493 wp-block-columns-is-layout-flex\">\n<div class=\"wp-block-column is-vertically-aligned-center is-layout-flow wp-block-column-is-layout-flow\">\n<h2 class=\"wp-block-heading\">Los ciclos generativos y restrictivos de los Cinco Elementos.<\/h2>\n\n\n\n<p>.Todas las cosas del mundo tienen su origen en los cinco elementos: metal, madera, agua, fuego y tierra. Estos elementos interact\u00faan mediante la generaci\u00f3n y la restricci\u00f3n mutuas, logrando un equilibrio perfecto.<\/p>\n<\/div>\n\n\n\n<div class=\"wp-block-column is-vertically-aligned-center is-layout-flow wp-block-column-is-layout-flow\" style=\"flex-basis:60%\">\n<figure class=\"wp-block-image size-full\"><img fetchpriority=\"high\" decoding=\"async\" width=\"800\" height=\"800\" src=\"https:\/\/fsdivination.com\/wp-content\/uploads\/2018\/05\/A4A1737D4448BE9209A0A0947AA17C89.png\" alt=\"\" class=\"wp-image-7195\" srcset=\"https:\/\/fsdivination.com\/wp-content\/uploads\/2018\/05\/A4A1737D4448BE9209A0A0947AA17C89.png 800w, https:\/\/fsdivination.com\/wp-content\/uploads\/2018\/05\/A4A1737D4448BE9209A0A0947AA17C89-300x300.png 300w, https:\/\/fsdivination.com\/wp-content\/uploads\/2018\/05\/A4A1737D4448BE9209A0A0947AA17C89-150x150.png 150w, https:\/\/fsdivination.com\/wp-content\/uploads\/2018\/05\/A4A1737D4448BE9209A0A0947AA17C89-768x768.png 768w, https:\/\/fsdivination.com\/wp-content\/uploads\/2018\/05\/A4A1737D4448BE9209A0A0947AA17C89-12x12.png 12w, https:\/\/fsdivination.com\/wp-content\/uploads\/2018\/05\/A4A1737D4448BE9209A0A0947AA17C89-441x441.png 441w, https:\/\/fsdivination.com\/wp-content\/uploads\/2018\/05\/A4A1737D4448BE9209A0A0947AA17C89-100x100.png 100w\" sizes=\"(max-width: 800px) 100vw, 800px\" \/><\/figure>\n\n\n\n<p><\/p>\n<\/div>\n<\/div>\n\n\n\n<div style=\"height:30px\" aria-hidden=\"true\" class=\"wp-block-spacer\"><\/div>\n\n\n\n<div class=\"wp-block-columns are-vertically-aligned-center is-layout-flex wp-container-core-columns-is-layout-28f84493 wp-block-columns-is-layout-flex\">\n<div class=\"wp-block-column is-vertically-aligned-center is-layout-flow wp-block-column-is-layout-flow\">\n<figure class=\"wp-block-image size-full\"><img decoding=\"async\" width=\"800\" height=\"800\" src=\"https:\/\/fsdivination.com\/wp-content\/uploads\/2018\/05\/92406328EECE72BDDEEFC38E590D9729.png\" alt=\"\" class=\"wp-image-7194\" srcset=\"https:\/\/fsdivination.com\/wp-content\/uploads\/2018\/05\/92406328EECE72BDDEEFC38E590D9729.png 800w, https:\/\/fsdivination.com\/wp-content\/uploads\/2018\/05\/92406328EECE72BDDEEFC38E590D9729-300x300.png 300w, https:\/\/fsdivination.com\/wp-content\/uploads\/2018\/05\/92406328EECE72BDDEEFC38E590D9729-150x150.png 150w, https:\/\/fsdivination.com\/wp-content\/uploads\/2018\/05\/92406328EECE72BDDEEFC38E590D9729-768x768.png 768w, https:\/\/fsdivination.com\/wp-content\/uploads\/2018\/05\/92406328EECE72BDDEEFC38E590D9729-12x12.png 12w, https:\/\/fsdivination.com\/wp-content\/uploads\/2018\/05\/92406328EECE72BDDEEFC38E590D9729-441x441.png 441w, https:\/\/fsdivination.com\/wp-content\/uploads\/2018\/05\/92406328EECE72BDDEEFC38E590D9729-100x100.png 100w\" sizes=\"(max-width: 800px) 100vw, 800px\" \/><\/figure>\n<\/div>\n\n\n\n<div class=\"wp-block-column is-vertically-aligned-center is-layout-flow wp-block-column-is-layout-flow\" style=\"flex-basis:40%\">\n<h2 class=\"wp-block-heading\">Lista Representativa del Patrimonio Cultural Inmaterial de la Humanidad<\/h2>\n\n\n\n<p>Reconocida como Patrimonio Cultural Inmaterial de la Humanidad, la Medicina Tradicional China utiliza hierbas naturales como remedios. Aplica la teor\u00eda del equilibrio de los Cinco Elementos para eliminar bloqueos en los meridianos del cuerpo y alcanzar objetivos terap\u00e9uticos.<\/p>\n<\/div>\n<\/div>\n\n\n\n<div style=\"height:30px\" aria-hidden=\"true\" class=\"wp-block-spacer\"><\/div>\n\n\n\n<div class=\"wp-block-columns are-vertically-aligned-center is-layout-flex wp-container-core-columns-is-layout-28f84493 wp-block-columns-is-layout-flex\">\n<div class=\"wp-block-column is-vertically-aligned-center is-layout-flow wp-block-column-is-layout-flow\">\n<h2 class=\"wp-block-heading\">Fabricado a mano con m\u00e9todos tradicionales<\/h2>\n\n\n\n<p>Elaborado artesanalmente a partir de polvos de hierbas chinas puramente naturales, sin aditivos qu\u00edmicos. Polvo de madera nanmu tradicional se utiliza como aglutinante.<\/p>\n<\/div>\n\n\n\n<div class=\"wp-block-column is-vertically-aligned-center is-layout-flow wp-block-column-is-layout-flow\" style=\"flex-basis:60%\">\n<figure class=\"wp-block-image size-full\"><img decoding=\"async\" width=\"900\" height=\"735\" src=\"https:\/\/fsdivination.com\/wp-content\/uploads\/2018\/05\/7462D101C3910C00D54F9368F2036FE4.png\" alt=\"\" class=\"wp-image-7193\" srcset=\"https:\/\/fsdivination.com\/wp-content\/uploads\/2018\/05\/7462D101C3910C00D54F9368F2036FE4.png 900w, https:\/\/fsdivination.com\/wp-content\/uploads\/2018\/05\/7462D101C3910C00D54F9368F2036FE4-300x245.png 300w, https:\/\/fsdivination.com\/wp-content\/uploads\/2018\/05\/7462D101C3910C00D54F9368F2036FE4-768x627.png 768w, https:\/\/fsdivination.com\/wp-content\/uploads\/2018\/05\/7462D101C3910C00D54F9368F2036FE4-15x12.png 15w, https:\/\/fsdivination.com\/wp-content\/uploads\/2018\/05\/7462D101C3910C00D54F9368F2036FE4-441x360.png 441w, https:\/\/fsdivination.com\/wp-content\/uploads\/2018\/05\/7462D101C3910C00D54F9368F2036FE4-800x653.png 800w, https:\/\/fsdivination.com\/wp-content\/uploads\/2018\/05\/7462D101C3910C00D54F9368F2036FE4-150x123.png 150w\" sizes=\"(max-width: 900px) 100vw, 900px\" \/><\/figure>\n\n\n\n<p><\/p>\n<\/div>\n<\/div>\n\n\n\n<div style=\"height:30px\" aria-hidden=\"true\" class=\"wp-block-spacer\"><\/div>\n\n\n\n<div class=\"wp-block-columns are-vertically-aligned-center is-layout-flex wp-container-core-columns-is-layout-28f84493 wp-block-columns-is-layout-flex\">\n<div class=\"wp-block-column is-vertically-aligned-center is-layout-flow wp-block-column-is-layout-flow\"><\/div>\n<\/div>\n\n\n\n<div style=\"height:30px\" aria-hidden=\"true\" class=\"wp-block-spacer\"><\/div>\n\n\n\n<div class=\"wp-block-columns are-vertically-aligned-center is-layout-flex wp-container-core-columns-is-layout-28f84493 wp-block-columns-is-layout-flex\">\n<div class=\"wp-block-column is-vertically-aligned-center is-layout-flow wp-block-column-is-layout-flow\"><\/div>\n\n\n\n<div class=\"wp-block-column is-vertically-aligned-center is-layout-flow wp-block-column-is-layout-flow\" style=\"flex-basis:60%\">\n<p><\/p>\n<\/div>\n<\/div>","protected":false},"excerpt":{"rendered":"<p>Elaboradas a partir de hierbas naturales preciosas y basadas en recetas familiares secretas, cada mezcla es preparada a mano por un maestro. La combinaci\u00f3n \u00fanica de ingredientes determina su propiedad energ\u00e9tica distintiva de los Cinco Elementos.<\/p>","protected":false},"featured_media":7188,"comment_status":"open","ping_status":"closed","template":"","meta":[],"product_brand":[],"product_cat":[51],"product_tag":[32,34],"class_list":{"0":"post-7521","1":"product","2":"type-product","3":"status-publish","4":"has-post-thumbnail","6":"product_cat-prayer-beads","7":"product_tag-sale","8":"product_tag-skinny","10":"first","11":"instock","12":"sale","13":"taxable","14":"shipping-taxable","15":"purchasable","16":"product-type-simple"},"jetpack_sharing_enabled":false,"_links":{"self":[{"href":"https:\/\/fsdivination.com\/es\/wp-json\/wp\/v2\/product\/7521","targetHints":{"allow":["GET"]}}],"collection":[{"href":"https:\/\/fsdivination.com\/es\/wp-json\/wp\/v2\/product"}],"about":[{"href":"https:\/\/fsdivination.com\/es\/wp-json\/wp\/v2\/types\/product"}],"replies":[{"embeddable":true,"href":"https:\/\/fsdivination.com\/es\/wp-json\/wp\/v2\/comments?post=7521"}],"wp:featuredmedia":[{"embeddable":true,"href":"https:\/\/fsdivination.com\/es\/wp-json\/wp\/v2\/media\/7188"}],"wp:attachment":[{"href":"https:\/\/fsdivination.com\/es\/wp-json\/wp\/v2\/media?parent=7521"}],"wp:term":[{"taxonomy":"product_brand","embeddable":true,"href":"https:\/\/fsdivination.com\/es\/wp-json\/wp\/v2\/product_brand?post=7521"},{"taxonomy":"product_cat","embeddable":true,"href":"https:\/\/fsdivination.com\/es\/wp-json\/wp\/v2\/product_cat?post=7521"},{"taxonomy":"product_tag","embeddable":true,"href":"https:\/\/fsdivination.com\/es\/wp-json\/wp\/v2\/product_tag?post=7521"}],"curies":[{"name":"wp","href":"https:\/\/api.w.org\/{rel}","templated":true}]}}