{"id":7461,"date":"2025-11-01T13:05:30","date_gmt":"2025-11-01T05:05:30","guid":{"rendered":"https:\/\/fsdivination.com\/?post_type=product&#038;p=7461"},"modified":"2025-11-11T03:12:33","modified_gmt":"2025-11-10T19:12:33","slug":"chinese-fortune-telling-ba-zi-%e7%ae%97%e5%91%bd%e6%89%b9%e5%85%ab%e5%ad%97","status":"publish","type":"product","link":"https:\/\/fsdivination.com\/fr\/produit\/chinese-fortune-telling-ba-zi-%e7%ae%97%e5%91%bd%e6%89%b9%e5%85%ab%e5%ad%97\/","title":{"rendered":"La cartomancie chinoise (Ba Zi) (\u7b97\u547d\u6279\u516b\u5b57)"},"content":{"rendered":"<div class=\"wp-block-columns are-vertically-aligned-center is-layout-flex wp-container-core-columns-is-layout-28f84493 wp-block-columns-is-layout-flex\">\n<div class=\"wp-block-column is-vertically-aligned-center is-layout-flow wp-block-column-is-layout-flow\">\n<h2 class=\"wp-block-heading\"><strong>Les principes de l'analyse Bazi<\/strong><\/h2>\n\n\n\n<p><strong>La voyance \u00e0 Bazi<\/strong>&nbsp;est une forme de m\u00e9taphysique chinoise traditionnelle qui pr\u00e9dit le destin d'un individu en fonction de son heure de naissance, exprim\u00e9 sous la forme de quatre paires de tiges c\u00e9lestes et de branches terrestres (connues sous le nom de \"tiges c\u00e9lestes\").&nbsp;<strong>Quatre piliers et huit personnages<\/strong>). Ses th\u00e9ories fondamentales comprennent les syst\u00e8mes des tiges c\u00e9lestes et des branches terrestres, le Yin-Yang et les cinq \u00e9l\u00e9ments.<\/p>\n\n\n\n<p>La pratique de&nbsp;<strong>Analyse de Bazi<\/strong>&nbsp;L'origine de ce syst\u00e8me remonte \u00e0 la dynastie Tang, lorsque&nbsp;<strong>Li Xuzhong<\/strong>&nbsp;a \u00e9t\u00e9 le premier \u00e0 pr\u00e9dire le destin en utilisant les piliers de l'ann\u00e9e, du mois et du jour. Pendant les Cinq Dynasties et le d\u00e9but de la Dynastie Song,&nbsp;<strong>Xu Ziping<\/strong>&nbsp;a introduit le pilier de l'heure, \u00e9tablissant ainsi le pilier complet de l'heure.&nbsp;<strong>Syst\u00e8me des quatre piliers<\/strong>. Sous les dynasties Ming et Qing, la publication de textes fondamentaux tels que le&nbsp;<em>\u201cYuan Hai Zi Ping\u201d<\/em>&nbsp;et&nbsp;<em>\u201cSan Ming Tong Hui\u201d<\/em>&nbsp;a marqu\u00e9 la maturation de son cadre th\u00e9orique.<\/p>\n\n\n\n<p>Sur la base du Bazi d'une personne, les analystes d\u00e9terminent divers aspects de sa vie, notamment&nbsp;<strong>les relations familiales, la personnalit\u00e9, le mariage, la carri\u00e8re et la richesse<\/strong>, L'\u00e9valuation de leur nature, de leur qualit\u00e9 et de leur potentiel.&nbsp;<strong>Analyse de Bazi<\/strong>&nbsp;Il s'agit donc d'une interpr\u00e9tation compl\u00e8te de la destin\u00e9e repr\u00e9sent\u00e9e par les huit caract\u00e8res, \u00e0 l'aide de th\u00e9ories pertinentes, qui permettent de d\u00e9duire la fortune, les r\u00e9sultats favorables ou d\u00e9favorables et les tendances de la vie de l'individu.<\/p>\n<\/div>\n\n\n\n<div class=\"wp-block-column is-vertically-aligned-center is-layout-flow wp-block-column-is-layout-flow\" style=\"flex-basis:60%\">\n<figure class=\"wp-block-image size-full\"><img fetchpriority=\"high\" decoding=\"async\" width=\"2560\" height=\"2560\" src=\"https:\/\/fsdivination.com\/wp-content\/uploads\/2025\/11\/fBCrrDlIg-scaled.png\" alt=\"\" class=\"wp-image-7450\" srcset=\"https:\/\/fsdivination.com\/wp-content\/uploads\/2025\/11\/fBCrrDlIg-scaled.png 2560w, https:\/\/fsdivination.com\/wp-content\/uploads\/2025\/11\/fBCrrDlIg-300x300.png 300w, https:\/\/fsdivination.com\/wp-content\/uploads\/2025\/11\/fBCrrDlIg-1024x1024.png 1024w, https:\/\/fsdivination.com\/wp-content\/uploads\/2025\/11\/fBCrrDlIg-150x150.png 150w, https:\/\/fsdivination.com\/wp-content\/uploads\/2025\/11\/fBCrrDlIg-768x768.png 768w, https:\/\/fsdivination.com\/wp-content\/uploads\/2025\/11\/fBCrrDlIg-1536x1536.png 1536w, https:\/\/fsdivination.com\/wp-content\/uploads\/2025\/11\/fBCrrDlIg-2048x2048.png 2048w, https:\/\/fsdivination.com\/wp-content\/uploads\/2025\/11\/fBCrrDlIg-12x12.png 12w, https:\/\/fsdivination.com\/wp-content\/uploads\/2025\/11\/fBCrrDlIg-990x990.png 990w, https:\/\/fsdivination.com\/wp-content\/uploads\/2025\/11\/fBCrrDlIg-441x441.png 441w, https:\/\/fsdivination.com\/wp-content\/uploads\/2025\/11\/fBCrrDlIg-100x100.png 100w, https:\/\/fsdivination.com\/wp-content\/uploads\/2025\/11\/fBCrrDlIg-800x800.png 800w\" sizes=\"(max-width: 2560px) 100vw, 2560px\" \/><\/figure>\n\n\n\n<p><\/p>\n<\/div>\n<\/div>\n\n\n\n<div style=\"height:30px\" aria-hidden=\"true\" class=\"wp-block-spacer\"><\/div>\n\n\n\n<div class=\"wp-block-columns are-vertically-aligned-center is-layout-flex wp-container-core-columns-is-layout-28f84493 wp-block-columns-is-layout-flex\">\n<div class=\"wp-block-column is-vertically-aligned-center is-layout-flow wp-block-column-is-layout-flow\"><\/div>\n\n\n\n<div class=\"wp-block-column is-vertically-aligned-center is-layout-flow wp-block-column-is-layout-flow\" style=\"flex-basis:40%\"><\/div>\n<\/div>\n\n\n\n<div style=\"height:30px\" aria-hidden=\"true\" class=\"wp-block-spacer\"><\/div>\n\n\n\n<div class=\"wp-block-columns are-vertically-aligned-center is-layout-flex wp-container-core-columns-is-layout-28f84493 wp-block-columns-is-layout-flex\">\n<div class=\"wp-block-column is-vertically-aligned-center is-layout-flow wp-block-column-is-layout-flow\"><\/div>\n\n\n\n<div class=\"wp-block-column is-vertically-aligned-center is-layout-flow wp-block-column-is-layout-flow\" style=\"flex-basis:60%\">\n<p><\/p>\n<\/div>\n<\/div>\n\n\n\n<div style=\"height:30px\" aria-hidden=\"true\" class=\"wp-block-spacer\"><\/div>\n\n\n\n<div class=\"wp-block-columns are-vertically-aligned-center is-layout-flex wp-container-core-columns-is-layout-28f84493 wp-block-columns-is-layout-flex\">\n<div class=\"wp-block-column is-vertically-aligned-center is-layout-flow wp-block-column-is-layout-flow\"><\/div>\n<\/div>\n\n\n\n<div style=\"height:30px\" aria-hidden=\"true\" class=\"wp-block-spacer\"><\/div>\n\n\n\n<div class=\"wp-block-columns are-vertically-aligned-center is-layout-flex wp-container-core-columns-is-layout-28f84493 wp-block-columns-is-layout-flex\">\n<div class=\"wp-block-column is-vertically-aligned-center is-layout-flow wp-block-column-is-layout-flow\"><\/div>\n\n\n\n<div class=\"wp-block-column is-vertically-aligned-center is-layout-flow wp-block-column-is-layout-flow\" style=\"flex-basis:60%\">\n<p><\/p>\n<\/div>\n<\/div>\n\n\n\n<p><\/p>","protected":false},"excerpt":{"rendered":"<p>Veuillez noter qu'il s'agit d'un produit de service. Avant de passer votre commande, veuillez consulter notre service client\u00e8le.<\/p>\n<p>\u672c\u4ea7\u54c1\u4e3a\u670d\u52a1\u7c7b\u4ea7\u54c1\uff0c\u5728\u4e0b\u5355\u4e4b\u524d\uff0c\u8bf7\u5148\u4e0e\u5ba2\u670d\u8001\u5e08\u6c9f\u901a<\/p>","protected":false},"featured_media":7481,"comment_status":"open","ping_status":"closed","template":"","meta":[],"product_brand":[],"product_cat":[15],"product_tag":[34],"class_list":{"0":"post-7461","1":"product","2":"type-product","3":"status-publish","4":"has-post-thumbnail","6":"product_cat-feng-shui-and-fortune-telling","7":"product_tag-skinny","9":"first","10":"instock","11":"sale","12":"taxable","13":"shipping-taxable","14":"purchasable","15":"product-type-simple"},"jetpack_sharing_enabled":false,"_links":{"self":[{"href":"https:\/\/fsdivination.com\/fr\/wp-json\/wp\/v2\/product\/7461","targetHints":{"allow":["GET"]}}],"collection":[{"href":"https:\/\/fsdivination.com\/fr\/wp-json\/wp\/v2\/product"}],"about":[{"href":"https:\/\/fsdivination.com\/fr\/wp-json\/wp\/v2\/types\/product"}],"replies":[{"embeddable":true,"href":"https:\/\/fsdivination.com\/fr\/wp-json\/wp\/v2\/comments?post=7461"}],"wp:featuredmedia":[{"embeddable":true,"href":"https:\/\/fsdivination.com\/fr\/wp-json\/wp\/v2\/media\/7481"}],"wp:attachment":[{"href":"https:\/\/fsdivination.com\/fr\/wp-json\/wp\/v2\/media?parent=7461"}],"wp:term":[{"taxonomy":"product_brand","embeddable":true,"href":"https:\/\/fsdivination.com\/fr\/wp-json\/wp\/v2\/product_brand?post=7461"},{"taxonomy":"product_cat","embeddable":true,"href":"https:\/\/fsdivination.com\/fr\/wp-json\/wp\/v2\/product_cat?post=7461"},{"taxonomy":"product_tag","embeddable":true,"href":"https:\/\/fsdivination.com\/fr\/wp-json\/wp\/v2\/product_tag?post=7461"}],"curies":[{"name":"wp","href":"https:\/\/api.w.org\/{rel}","templated":true}]}}