{"id":7466,"date":"2025-11-01T13:28:38","date_gmt":"2025-11-01T05:28:38","guid":{"rendered":"https:\/\/fsdivination.com\/?post_type=product&#038;p=7466"},"modified":"2025-11-11T03:30:09","modified_gmt":"2025-11-10T19:30:09","slug":"talisman-%e5%a4%8d%e5%88%b6-3","status":"publish","type":"product","link":"https:\/\/fsdivination.com\/fr\/produit\/talisman-%e5%a4%8d%e5%88%b6-3\/","title":{"rendered":"Spiritualisme(\u901a\u9748)"},"content":{"rendered":"<div class=\"wp-block-columns are-vertically-aligned-center is-layout-flex wp-container-core-columns-is-layout-28f84493 wp-block-columns-is-layout-flex\">\n<div class=\"wp-block-column is-vertically-aligned-center is-layout-flow wp-block-column-is-layout-flow\">\n<h2 class=\"wp-block-heading\"><strong>M\u00e9dium<\/strong><\/h2>\n\n\n\n<p><strong>Le m\u00e9dium spirituel<\/strong>, Les gu\u00e9risseurs, qui ont une vocation unique, traversent perp\u00e9tuellement la fronti\u00e8re entre le monde des vivants et celui des morts. Ils ont la capacit\u00e9 de communiquer directement avec les divinit\u00e9s, les esprits et les \u00e2mes des d\u00e9funts. Ils exploitent le pouvoir de ces \u00eatres \u00e9th\u00e9r\u00e9s pour gu\u00e9rir des maladies, r\u00e9soudre des dilemmes profonds et m\u00eame accomplir des actes miraculeux hors de port\u00e9e des humains ordinaires.<\/p>\n\n\n\n<p>Charg\u00e9s d'arbitrer la discorde entre les deux royaumes, ils s'efforcent de r\u00e9tablir l'\u00e9quilibre, d'harmoniser les \u00e9nergies justes du ciel et de la terre et d'all\u00e9ger les souffrances humaines. Bien que distincts par nature, le monde des vivants et le royaume des morts sont profond\u00e9ment interd\u00e9pendants. Pourtant, parmi les vivants, les esprits agit\u00e9s s'attardent souvent, leurs griefs non r\u00e9solus de la vie continuant \u00e0 hanter le monde des mortels et \u00e0 perturber ses habitants.<\/p>\n\n\n\n<p>C'est au m\u00e9dium spirituel qu'il incombe de r\u00e9soudre ces probl\u00e8mes. En entrant en contact avec le monde souterrain et en concluant des accords, ils veillent \u00e0 ce que ces \u00e2mes troubl\u00e9es cessent d'infliger des dommages aux vivants.<\/p>\n<\/div>\n\n\n\n<div class=\"wp-block-column is-vertically-aligned-center is-layout-flow wp-block-column-is-layout-flow\" style=\"flex-basis:60%\">\n<figure class=\"wp-block-image size-full\"><img fetchpriority=\"high\" decoding=\"async\" width=\"1608\" height=\"2160\" src=\"https:\/\/fsdivination.com\/wp-content\/uploads\/2025\/11\/fBQtIgxZZ.png\" alt=\"\" class=\"wp-image-7469\" srcset=\"https:\/\/fsdivination.com\/wp-content\/uploads\/2025\/11\/fBQtIgxZZ.png 1608w, https:\/\/fsdivination.com\/wp-content\/uploads\/2025\/11\/fBQtIgxZZ-223x300.png 223w, https:\/\/fsdivination.com\/wp-content\/uploads\/2025\/11\/fBQtIgxZZ-762x1024.png 762w, https:\/\/fsdivination.com\/wp-content\/uploads\/2025\/11\/fBQtIgxZZ-768x1032.png 768w, https:\/\/fsdivination.com\/wp-content\/uploads\/2025\/11\/fBQtIgxZZ-1143x1536.png 1143w, https:\/\/fsdivination.com\/wp-content\/uploads\/2025\/11\/fBQtIgxZZ-1525x2048.png 1525w, https:\/\/fsdivination.com\/wp-content\/uploads\/2025\/11\/fBQtIgxZZ-9x12.png 9w, https:\/\/fsdivination.com\/wp-content\/uploads\/2025\/11\/fBQtIgxZZ-990x1330.png 990w, https:\/\/fsdivination.com\/wp-content\/uploads\/2025\/11\/fBQtIgxZZ-441x592.png 441w, https:\/\/fsdivination.com\/wp-content\/uploads\/2025\/11\/fBQtIgxZZ-300x403.png 300w, https:\/\/fsdivination.com\/wp-content\/uploads\/2025\/11\/fBQtIgxZZ-800x1075.png 800w, https:\/\/fsdivination.com\/wp-content\/uploads\/2025\/11\/fBQtIgxZZ-150x201.png 150w\" sizes=\"(max-width: 1608px) 100vw, 1608px\" \/><\/figure>\n\n\n\n<p><\/p>\n<\/div>\n<\/div>\n\n\n\n<div style=\"height:30px\" aria-hidden=\"true\" class=\"wp-block-spacer\"><\/div>\n\n\n\n<div class=\"wp-block-columns are-vertically-aligned-center is-layout-flex wp-container-core-columns-is-layout-28f84493 wp-block-columns-is-layout-flex\">\n<div class=\"wp-block-column is-vertically-aligned-center is-layout-flow wp-block-column-is-layout-flow\"><\/div>\n\n\n\n<div class=\"wp-block-column is-vertically-aligned-center is-layout-flow wp-block-column-is-layout-flow\" style=\"flex-basis:40%\">\n<h2 class=\"wp-block-heading\"><\/h2>\n<\/div>\n<\/div>\n\n\n\n<div style=\"height:30px\" aria-hidden=\"true\" class=\"wp-block-spacer\"><\/div>\n\n\n\n<div class=\"wp-block-columns are-vertically-aligned-center is-layout-flex wp-container-core-columns-is-layout-28f84493 wp-block-columns-is-layout-flex\">\n<div class=\"wp-block-column is-vertically-aligned-center is-layout-flow wp-block-column-is-layout-flow\"><\/div>\n\n\n\n<div class=\"wp-block-column is-vertically-aligned-center is-layout-flow wp-block-column-is-layout-flow\" style=\"flex-basis:60%\">\n<p><\/p>\n<\/div>\n<\/div>\n\n\n\n<div style=\"height:30px\" aria-hidden=\"true\" class=\"wp-block-spacer\"><\/div>\n\n\n\n<div class=\"wp-block-columns are-vertically-aligned-center is-layout-flex wp-container-core-columns-is-layout-28f84493 wp-block-columns-is-layout-flex\">\n<div class=\"wp-block-column is-vertically-aligned-center is-layout-flow wp-block-column-is-layout-flow\"><\/div>\n<\/div>\n\n\n\n<div style=\"height:30px\" aria-hidden=\"true\" class=\"wp-block-spacer\"><\/div>\n\n\n\n<div class=\"wp-block-columns are-vertically-aligned-center is-layout-flex wp-container-core-columns-is-layout-28f84493 wp-block-columns-is-layout-flex\">\n<div class=\"wp-block-column is-vertically-aligned-center is-layout-flow wp-block-column-is-layout-flow\"><\/div>\n\n\n\n<div class=\"wp-block-column is-vertically-aligned-center is-layout-flow wp-block-column-is-layout-flow\" style=\"flex-basis:60%\">\n<p><\/p>\n<\/div>\n<\/div>\n\n\n\n<p><\/p>","protected":false},"excerpt":{"rendered":"<p>Veuillez noter qu'il s'agit d'un produit de service. Avant de passer votre commande, veuillez consulter notre service client\u00e8le.<\/p>\n<p>\u672c\u4ea7\u54c1\u4e3a\u670d\u52a1\u7c7b\u4ea7\u54c1\uff0c\u5728\u4e0b\u5355\u4e4b\u524d\uff0c\u8bf7\u5148\u4e0e\u5ba2\u670d\u8001\u5e08\u6c9f\u901a<\/p>","protected":false},"featured_media":7479,"comment_status":"open","ping_status":"closed","template":"","meta":[],"product_brand":[],"product_cat":[15],"product_tag":[34],"class_list":{"0":"post-7466","1":"product","2":"type-product","3":"status-publish","4":"has-post-thumbnail","6":"product_cat-feng-shui-and-fortune-telling","7":"product_tag-skinny","9":"first","10":"instock","11":"sale","12":"taxable","13":"shipping-taxable","14":"purchasable","15":"product-type-simple"},"jetpack_sharing_enabled":false,"_links":{"self":[{"href":"https:\/\/fsdivination.com\/fr\/wp-json\/wp\/v2\/product\/7466","targetHints":{"allow":["GET"]}}],"collection":[{"href":"https:\/\/fsdivination.com\/fr\/wp-json\/wp\/v2\/product"}],"about":[{"href":"https:\/\/fsdivination.com\/fr\/wp-json\/wp\/v2\/types\/product"}],"replies":[{"embeddable":true,"href":"https:\/\/fsdivination.com\/fr\/wp-json\/wp\/v2\/comments?post=7466"}],"wp:featuredmedia":[{"embeddable":true,"href":"https:\/\/fsdivination.com\/fr\/wp-json\/wp\/v2\/media\/7479"}],"wp:attachment":[{"href":"https:\/\/fsdivination.com\/fr\/wp-json\/wp\/v2\/media?parent=7466"}],"wp:term":[{"taxonomy":"product_brand","embeddable":true,"href":"https:\/\/fsdivination.com\/fr\/wp-json\/wp\/v2\/product_brand?post=7466"},{"taxonomy":"product_cat","embeddable":true,"href":"https:\/\/fsdivination.com\/fr\/wp-json\/wp\/v2\/product_cat?post=7466"},{"taxonomy":"product_tag","embeddable":true,"href":"https:\/\/fsdivination.com\/fr\/wp-json\/wp\/v2\/product_tag?post=7466"}],"curies":[{"name":"wp","href":"https:\/\/api.w.org\/{rel}","templated":true}]}}