{"id":7513,"date":"2025-11-10T01:12:40","date_gmt":"2025-11-09T17:12:40","guid":{"rendered":"https:\/\/fsdivination.com\/?post_type=product&#038;p=7513"},"modified":"2025-11-10T01:13:08","modified_gmt":"2025-11-09T17:13:08","slug":"talisman","status":"publish","type":"product","link":"https:\/\/fsdivination.com\/fr\/produit\/talisman\/","title":{"rendered":"Talisman"},"content":{"rendered":"<div class=\"wp-block-columns are-vertically-aligned-center is-layout-flex wp-container-core-columns-is-layout-28f84493 wp-block-columns-is-layout-flex\">\n<div class=\"wp-block-column is-vertically-aligned-center is-layout-flow wp-block-column-is-layout-flow\">\n<h2 class=\"wp-block-heading\">Le r\u00f4le d'un talisman<\/h2>\n\n\n\n<p>La vie est longue et sem\u00e9e d'emb\u00fbches. Plus nous vivons longtemps, plus nous comprenons \u00e0 quel point la paix et les b\u00e9n\u00e9dictions sont pr\u00e9cieuses et difficiles \u00e0 obtenir. Dans de nombreux moments de d\u00e9sespoir et d'incertitude, nous avons tous besoin d'une touche de magie pour apaiser nos craintes et \u00e9loigner les d\u00e9mons - c'est la signification d'un talisman. Il peut s'agir d'un objet en m\u00e9tal ou en bois, d'un morceau de porcelaine ou m\u00eame d'une pierre ordinaire ramass\u00e9e au bord de la route, d'une plume ou d'un sp\u00e9cimen botanique press\u00e9, bref, de tout ce que nous choisissons de doter d'un pouvoir surnaturel. Il peut \u00eatre grand ou petit, pr\u00e9cieux ou ordinaire. Il peut \u00eatre rang\u00e9 au fond d'un coffre ou ench\u00e2ss\u00e9 dans un bureau.<\/p>\n<\/div>\n\n\n\n<div class=\"wp-block-column is-vertically-aligned-center is-layout-flow wp-block-column-is-layout-flow\" style=\"flex-basis:60%\">\n<figure class=\"wp-block-image size-full\"><img fetchpriority=\"high\" decoding=\"async\" width=\"2160\" height=\"1860\" src=\"https:\/\/fsdivination.com\/wp-content\/uploads\/2025\/10\/2b83a383-1ece-4b2b-afe8-25f0436ad687.jpeg\" alt=\"\" class=\"wp-image-7350\" srcset=\"https:\/\/fsdivination.com\/wp-content\/uploads\/2025\/10\/2b83a383-1ece-4b2b-afe8-25f0436ad687.jpeg 2160w, https:\/\/fsdivination.com\/wp-content\/uploads\/2025\/10\/2b83a383-1ece-4b2b-afe8-25f0436ad687-300x258.jpeg 300w, https:\/\/fsdivination.com\/wp-content\/uploads\/2025\/10\/2b83a383-1ece-4b2b-afe8-25f0436ad687-1024x882.jpeg 1024w, https:\/\/fsdivination.com\/wp-content\/uploads\/2025\/10\/2b83a383-1ece-4b2b-afe8-25f0436ad687-768x661.jpeg 768w, https:\/\/fsdivination.com\/wp-content\/uploads\/2025\/10\/2b83a383-1ece-4b2b-afe8-25f0436ad687-1536x1323.jpeg 1536w, https:\/\/fsdivination.com\/wp-content\/uploads\/2025\/10\/2b83a383-1ece-4b2b-afe8-25f0436ad687-2048x1764.jpeg 2048w, https:\/\/fsdivination.com\/wp-content\/uploads\/2025\/10\/2b83a383-1ece-4b2b-afe8-25f0436ad687-14x12.jpeg 14w, https:\/\/fsdivination.com\/wp-content\/uploads\/2025\/10\/2b83a383-1ece-4b2b-afe8-25f0436ad687-990x853.jpeg 990w, https:\/\/fsdivination.com\/wp-content\/uploads\/2025\/10\/2b83a383-1ece-4b2b-afe8-25f0436ad687-441x380.jpeg 441w, https:\/\/fsdivination.com\/wp-content\/uploads\/2025\/10\/2b83a383-1ece-4b2b-afe8-25f0436ad687-800x689.jpeg 800w, https:\/\/fsdivination.com\/wp-content\/uploads\/2025\/10\/2b83a383-1ece-4b2b-afe8-25f0436ad687-150x129.jpeg 150w\" sizes=\"(max-width: 2160px) 100vw, 2160px\" \/><\/figure>\n\n\n\n<p><\/p>\n<\/div>\n<\/div>\n\n\n\n<div style=\"height:30px\" aria-hidden=\"true\" class=\"wp-block-spacer\"><\/div>\n\n\n\n<div class=\"wp-block-columns are-vertically-aligned-center is-layout-flex wp-container-core-columns-is-layout-28f84493 wp-block-columns-is-layout-flex\">\n<div class=\"wp-block-column is-vertically-aligned-center is-layout-flow wp-block-column-is-layout-flow\">\n<figure class=\"wp-block-image size-full\"><img decoding=\"async\" width=\"2560\" height=\"2184\" src=\"https:\/\/fsdivination.com\/wp-content\/uploads\/2025\/10\/123-scaled.jpg\" alt=\"\" class=\"wp-image-7352\" srcset=\"https:\/\/fsdivination.com\/wp-content\/uploads\/2025\/10\/123-scaled.jpg 2560w, https:\/\/fsdivination.com\/wp-content\/uploads\/2025\/10\/123-300x256.jpg 300w, https:\/\/fsdivination.com\/wp-content\/uploads\/2025\/10\/123-1024x874.jpg 1024w, https:\/\/fsdivination.com\/wp-content\/uploads\/2025\/10\/123-768x655.jpg 768w, https:\/\/fsdivination.com\/wp-content\/uploads\/2025\/10\/123-1536x1311.jpg 1536w, https:\/\/fsdivination.com\/wp-content\/uploads\/2025\/10\/123-2048x1748.jpg 2048w, https:\/\/fsdivination.com\/wp-content\/uploads\/2025\/10\/123-14x12.jpg 14w, https:\/\/fsdivination.com\/wp-content\/uploads\/2025\/10\/123-990x845.jpg 990w, https:\/\/fsdivination.com\/wp-content\/uploads\/2025\/10\/123-441x376.jpg 441w, https:\/\/fsdivination.com\/wp-content\/uploads\/2025\/10\/123-800x683.jpg 800w, https:\/\/fsdivination.com\/wp-content\/uploads\/2025\/10\/123-150x128.jpg 150w\" sizes=\"(max-width: 2560px) 100vw, 2560px\" \/><\/figure>\n<\/div>\n\n\n\n<div class=\"wp-block-column is-vertically-aligned-center is-layout-flow wp-block-column-is-layout-flow\" style=\"flex-basis:40%\">\n<h2 class=\"wp-block-heading\"><strong>Types de talismans<\/strong><\/h2>\n\n\n\n<p>Reconnue comme patrimoine culturel immat\u00e9riel de l'humanit\u00e9, la m\u00e9decine traditionnelle chinoise utilise des herbes naturelles comme rem\u00e8des. Elle applique la th\u00e9orie de l'\u00e9quilibre des cinq \u00e9l\u00e9ments pour \u00e9liminer les blocages dans les m\u00e9ridiens du corps et atteindre les objectifs th\u00e9rapeutiques.<\/p>\n<\/div>\n<\/div>\n\n\n\n<div style=\"height:30px\" aria-hidden=\"true\" class=\"wp-block-spacer\"><\/div>\n\n\n\n<div class=\"wp-block-columns are-vertically-aligned-center is-layout-flex wp-container-core-columns-is-layout-28f84493 wp-block-columns-is-layout-flex\">\n<div class=\"wp-block-column is-vertically-aligned-center is-layout-flow wp-block-column-is-layout-flow\">\n<h2 class=\"wp-block-heading\">L'\u00e2me d'un talisman<\/h2>\n\n\n\n<p>Un talisman ouvre la porte d'un monde tiss\u00e9 de symboles, de croyances et d'interpr\u00e9tations mystiques. Il est dot\u00e9 d'un pouvoir par son imagerie, sa mati\u00e8re, sa forme, l'histoire et les aspirations qu'il porte. Il nous prot\u00e8ge du doute et apaise notre peur de l'inconnu. Il t\u00e9moigne des longues montagnes et rivi\u00e8res que nous avons travers\u00e9es et annonce les chemins qu'il nous reste \u00e0 parcourir. Peut-\u00eatre est-ce, par essence, une autre version de nous-m\u00eames qui coexiste dans ce monde.<\/p>\n<\/div>\n\n\n\n<div class=\"wp-block-column is-vertically-aligned-center is-layout-flow wp-block-column-is-layout-flow\" style=\"flex-basis:60%\">\n<figure class=\"wp-block-image size-full\"><img decoding=\"async\" width=\"2560\" height=\"2246\" src=\"https:\/\/fsdivination.com\/wp-content\/uploads\/2025\/10\/a50cd7e9-1b2c-4d45-870f-2d271c55f1ae-scaled.jpeg\" alt=\"\" class=\"wp-image-7353\" srcset=\"https:\/\/fsdivination.com\/wp-content\/uploads\/2025\/10\/a50cd7e9-1b2c-4d45-870f-2d271c55f1ae-scaled.jpeg 2560w, https:\/\/fsdivination.com\/wp-content\/uploads\/2025\/10\/a50cd7e9-1b2c-4d45-870f-2d271c55f1ae-300x263.jpeg 300w, https:\/\/fsdivination.com\/wp-content\/uploads\/2025\/10\/a50cd7e9-1b2c-4d45-870f-2d271c55f1ae-1024x899.jpeg 1024w, https:\/\/fsdivination.com\/wp-content\/uploads\/2025\/10\/a50cd7e9-1b2c-4d45-870f-2d271c55f1ae-768x674.jpeg 768w, https:\/\/fsdivination.com\/wp-content\/uploads\/2025\/10\/a50cd7e9-1b2c-4d45-870f-2d271c55f1ae-1536x1348.jpeg 1536w, https:\/\/fsdivination.com\/wp-content\/uploads\/2025\/10\/a50cd7e9-1b2c-4d45-870f-2d271c55f1ae-2048x1797.jpeg 2048w, https:\/\/fsdivination.com\/wp-content\/uploads\/2025\/10\/a50cd7e9-1b2c-4d45-870f-2d271c55f1ae-14x12.jpeg 14w, https:\/\/fsdivination.com\/wp-content\/uploads\/2025\/10\/a50cd7e9-1b2c-4d45-870f-2d271c55f1ae-990x869.jpeg 990w, https:\/\/fsdivination.com\/wp-content\/uploads\/2025\/10\/a50cd7e9-1b2c-4d45-870f-2d271c55f1ae-441x387.jpeg 441w, https:\/\/fsdivination.com\/wp-content\/uploads\/2025\/10\/a50cd7e9-1b2c-4d45-870f-2d271c55f1ae-800x702.jpeg 800w, https:\/\/fsdivination.com\/wp-content\/uploads\/2025\/10\/a50cd7e9-1b2c-4d45-870f-2d271c55f1ae-150x132.jpeg 150w\" sizes=\"(max-width: 2560px) 100vw, 2560px\" \/><\/figure>\n\n\n\n<p><\/p>\n<\/div>\n<\/div>\n\n\n\n<div style=\"height:30px\" aria-hidden=\"true\" class=\"wp-block-spacer\"><\/div>\n\n\n\n<div class=\"wp-block-columns are-vertically-aligned-center is-layout-flex wp-container-core-columns-is-layout-28f84493 wp-block-columns-is-layout-flex\">\n<div class=\"wp-block-column is-vertically-aligned-center is-layout-flow wp-block-column-is-layout-flow\"><\/div>\n<\/div>\n\n\n\n<div style=\"height:30px\" aria-hidden=\"true\" class=\"wp-block-spacer\"><\/div>\n\n\n\n<div class=\"wp-block-columns are-vertically-aligned-center is-layout-flex wp-container-core-columns-is-layout-28f84493 wp-block-columns-is-layout-flex\">\n<div class=\"wp-block-column is-vertically-aligned-center is-layout-flow wp-block-column-is-layout-flow\"><\/div>\n\n\n\n<div class=\"wp-block-column is-vertically-aligned-center is-layout-flow wp-block-column-is-layout-flow\" style=\"flex-basis:60%\">\n<p><\/p>\n<\/div>\n<\/div>\n\n\n\n<p><\/p>","protected":false},"excerpt":{"rendered":"<p><span dir=\"auto\" style=\"vertical-align: inherit;\"><span dir=\"auto\" style=\"vertical-align: inherit;\">\u6b64\u7269\u4e3a\u9053\u6559\u6cd5\u5668\uff0c\u8bf7\u52ff\u76f4\u63a5\u62cd\u6444\u3002\u62cd\u6444\u524d\uff0c\u5efa\u8bae\u8bf7\u5e08\u5085\u52a0\u6301\uff0c\u4ee5\u4fbf\u6839\u636e\u60a8\u7684\u5177\u4f53\u9700\u6c42\u6ce8\u5165\u76f8\u5e94\u7684\u80fd\u91cf\u3002<\/span><\/span><\/p>","protected":false},"featured_media":7254,"comment_status":"open","ping_status":"closed","template":"","meta":[],"product_brand":[],"product_cat":[52],"product_tag":[34],"class_list":{"0":"post-7513","1":"product","2":"type-product","3":"status-publish","4":"has-post-thumbnail","6":"product_cat-talisman","7":"product_tag-skinny","9":"first","10":"instock","11":"sale","12":"taxable","13":"shipping-taxable","14":"purchasable","15":"product-type-simple"},"jetpack_sharing_enabled":false,"_links":{"self":[{"href":"https:\/\/fsdivination.com\/fr\/wp-json\/wp\/v2\/product\/7513","targetHints":{"allow":["GET"]}}],"collection":[{"href":"https:\/\/fsdivination.com\/fr\/wp-json\/wp\/v2\/product"}],"about":[{"href":"https:\/\/fsdivination.com\/fr\/wp-json\/wp\/v2\/types\/product"}],"replies":[{"embeddable":true,"href":"https:\/\/fsdivination.com\/fr\/wp-json\/wp\/v2\/comments?post=7513"}],"wp:featuredmedia":[{"embeddable":true,"href":"https:\/\/fsdivination.com\/fr\/wp-json\/wp\/v2\/media\/7254"}],"wp:attachment":[{"href":"https:\/\/fsdivination.com\/fr\/wp-json\/wp\/v2\/media?parent=7513"}],"wp:term":[{"taxonomy":"product_brand","embeddable":true,"href":"https:\/\/fsdivination.com\/fr\/wp-json\/wp\/v2\/product_brand?post=7513"},{"taxonomy":"product_cat","embeddable":true,"href":"https:\/\/fsdivination.com\/fr\/wp-json\/wp\/v2\/product_cat?post=7513"},{"taxonomy":"product_tag","embeddable":true,"href":"https:\/\/fsdivination.com\/fr\/wp-json\/wp\/v2\/product_tag?post=7513"}],"curies":[{"name":"wp","href":"https:\/\/api.w.org\/{rel}","templated":true}]}}