{"id":7517,"date":"2025-11-10T01:17:49","date_gmt":"2025-11-09T17:17:49","guid":{"rendered":"https:\/\/fsdivination.com\/?post_type=product&#038;p=7517"},"modified":"2025-11-10T01:18:15","modified_gmt":"2025-11-09T17:18:15","slug":"five-elements-bracelet-with-lucky-bead%ef%bc%88earth%ef%bc%89","status":"publish","type":"product","link":"https:\/\/fsdivination.com\/fr\/produit\/five-elements-bracelet-with-lucky-bead%ef%bc%88earth%ef%bc%89\/","title":{"rendered":"Bracelet des cinq \u00e9l\u00e9ments avec perle porte-bonheur\uff08earth\uff09"},"content":{"rendered":"<div class=\"wp-block-columns are-vertically-aligned-center is-layout-flex wp-container-core-columns-is-layout-28f84493 wp-block-columns-is-layout-flex\">\n<div class=\"wp-block-column is-vertically-aligned-center is-layout-flow wp-block-column-is-layout-flow\">\n<h2 class=\"wp-block-heading\">Les cycles g\u00e9n\u00e9ratifs et restrictifs des cinq \u00e9l\u00e9ments.<\/h2>\n\n\n\n<p>.Toutes les choses du monde proviennent des cinq \u00e9l\u00e9ments : le m\u00e9tal, le bois, l'eau, le feu et la terre. Ces \u00e9l\u00e9ments interagissent en s'engendrant mutuellement et en se limitant, pour atteindre un \u00e9quilibre parfait.<\/p>\n<\/div>\n\n\n\n<div class=\"wp-block-column is-vertically-aligned-center is-layout-flow wp-block-column-is-layout-flow\" style=\"flex-basis:60%\">\n<figure class=\"wp-block-image size-full\"><img fetchpriority=\"high\" decoding=\"async\" width=\"800\" height=\"800\" src=\"https:\/\/fsdivination.com\/wp-content\/uploads\/2018\/05\/A4A1737D4448BE9209A0A0947AA17C89.png\" alt=\"\" class=\"wp-image-7195\" srcset=\"https:\/\/fsdivination.com\/wp-content\/uploads\/2018\/05\/A4A1737D4448BE9209A0A0947AA17C89.png 800w, https:\/\/fsdivination.com\/wp-content\/uploads\/2018\/05\/A4A1737D4448BE9209A0A0947AA17C89-300x300.png 300w, https:\/\/fsdivination.com\/wp-content\/uploads\/2018\/05\/A4A1737D4448BE9209A0A0947AA17C89-150x150.png 150w, https:\/\/fsdivination.com\/wp-content\/uploads\/2018\/05\/A4A1737D4448BE9209A0A0947AA17C89-768x768.png 768w, https:\/\/fsdivination.com\/wp-content\/uploads\/2018\/05\/A4A1737D4448BE9209A0A0947AA17C89-12x12.png 12w, https:\/\/fsdivination.com\/wp-content\/uploads\/2018\/05\/A4A1737D4448BE9209A0A0947AA17C89-441x441.png 441w, https:\/\/fsdivination.com\/wp-content\/uploads\/2018\/05\/A4A1737D4448BE9209A0A0947AA17C89-100x100.png 100w\" sizes=\"(max-width: 800px) 100vw, 800px\" \/><\/figure>\n\n\n\n<p><\/p>\n<\/div>\n<\/div>\n\n\n\n<div style=\"height:30px\" aria-hidden=\"true\" class=\"wp-block-spacer\"><\/div>\n\n\n\n<div class=\"wp-block-columns are-vertically-aligned-center is-layout-flex wp-container-core-columns-is-layout-28f84493 wp-block-columns-is-layout-flex\">\n<div class=\"wp-block-column is-vertically-aligned-center is-layout-flow wp-block-column-is-layout-flow\">\n<figure class=\"wp-block-image size-full\"><img decoding=\"async\" width=\"800\" height=\"800\" src=\"https:\/\/fsdivination.com\/wp-content\/uploads\/2018\/05\/92406328EECE72BDDEEFC38E590D9729.png\" alt=\"\" class=\"wp-image-7194\" srcset=\"https:\/\/fsdivination.com\/wp-content\/uploads\/2018\/05\/92406328EECE72BDDEEFC38E590D9729.png 800w, https:\/\/fsdivination.com\/wp-content\/uploads\/2018\/05\/92406328EECE72BDDEEFC38E590D9729-300x300.png 300w, https:\/\/fsdivination.com\/wp-content\/uploads\/2018\/05\/92406328EECE72BDDEEFC38E590D9729-150x150.png 150w, https:\/\/fsdivination.com\/wp-content\/uploads\/2018\/05\/92406328EECE72BDDEEFC38E590D9729-768x768.png 768w, https:\/\/fsdivination.com\/wp-content\/uploads\/2018\/05\/92406328EECE72BDDEEFC38E590D9729-12x12.png 12w, https:\/\/fsdivination.com\/wp-content\/uploads\/2018\/05\/92406328EECE72BDDEEFC38E590D9729-441x441.png 441w, https:\/\/fsdivination.com\/wp-content\/uploads\/2018\/05\/92406328EECE72BDDEEFC38E590D9729-100x100.png 100w\" sizes=\"(max-width: 800px) 100vw, 800px\" \/><\/figure>\n<\/div>\n\n\n\n<div class=\"wp-block-column is-vertically-aligned-center is-layout-flow wp-block-column-is-layout-flow\" style=\"flex-basis:40%\">\n<h2 class=\"wp-block-heading\">Liste repr\u00e9sentative du patrimoine culturel immat\u00e9riel de l'humanit\u00e9<\/h2>\n\n\n\n<p>Reconnue comme patrimoine culturel immat\u00e9riel de l'humanit\u00e9, la m\u00e9decine traditionnelle chinoise utilise des herbes naturelles comme rem\u00e8des. Elle applique la th\u00e9orie de l'\u00e9quilibre des cinq \u00e9l\u00e9ments pour \u00e9liminer les blocages dans les m\u00e9ridiens du corps et atteindre les objectifs th\u00e9rapeutiques.<\/p>\n<\/div>\n<\/div>\n\n\n\n<div style=\"height:30px\" aria-hidden=\"true\" class=\"wp-block-spacer\"><\/div>\n\n\n\n<div class=\"wp-block-columns are-vertically-aligned-center is-layout-flex wp-container-core-columns-is-layout-28f84493 wp-block-columns-is-layout-flex\">\n<div class=\"wp-block-column is-vertically-aligned-center is-layout-flow wp-block-column-is-layout-flow\">\n<h2 class=\"wp-block-heading\">Fait \u00e0 la main Fabriqu\u00e9 selon des m\u00e9thodes traditionnelles<\/h2>\n\n\n\n<p>Fabriqu\u00e9 \u00e0 la main \u00e0 partir de poudres d'herbes chinoises purement naturelles, sans aucun additif chimique. La poudre traditionnelle de bois de nanmu est utilis\u00e9e comme agent liant.<\/p>\n<\/div>\n\n\n\n<div class=\"wp-block-column is-vertically-aligned-center is-layout-flow wp-block-column-is-layout-flow\" style=\"flex-basis:60%\">\n<figure class=\"wp-block-image size-full\"><img decoding=\"async\" width=\"900\" height=\"735\" src=\"https:\/\/fsdivination.com\/wp-content\/uploads\/2018\/05\/7462D101C3910C00D54F9368F2036FE4.png\" alt=\"\" class=\"wp-image-7193\" srcset=\"https:\/\/fsdivination.com\/wp-content\/uploads\/2018\/05\/7462D101C3910C00D54F9368F2036FE4.png 900w, https:\/\/fsdivination.com\/wp-content\/uploads\/2018\/05\/7462D101C3910C00D54F9368F2036FE4-300x245.png 300w, https:\/\/fsdivination.com\/wp-content\/uploads\/2018\/05\/7462D101C3910C00D54F9368F2036FE4-768x627.png 768w, https:\/\/fsdivination.com\/wp-content\/uploads\/2018\/05\/7462D101C3910C00D54F9368F2036FE4-15x12.png 15w, https:\/\/fsdivination.com\/wp-content\/uploads\/2018\/05\/7462D101C3910C00D54F9368F2036FE4-441x360.png 441w, https:\/\/fsdivination.com\/wp-content\/uploads\/2018\/05\/7462D101C3910C00D54F9368F2036FE4-800x653.png 800w, https:\/\/fsdivination.com\/wp-content\/uploads\/2018\/05\/7462D101C3910C00D54F9368F2036FE4-150x123.png 150w\" sizes=\"(max-width: 900px) 100vw, 900px\" \/><\/figure>\n\n\n\n<p><\/p>\n<\/div>\n<\/div>\n\n\n\n<div style=\"height:30px\" aria-hidden=\"true\" class=\"wp-block-spacer\"><\/div>\n\n\n\n<div class=\"wp-block-columns are-vertically-aligned-center is-layout-flex wp-container-core-columns-is-layout-28f84493 wp-block-columns-is-layout-flex\">\n<div class=\"wp-block-column is-vertically-aligned-center is-layout-flow wp-block-column-is-layout-flow\"><\/div>\n<\/div>\n\n\n\n<div style=\"height:30px\" aria-hidden=\"true\" class=\"wp-block-spacer\"><\/div>\n\n\n\n<div class=\"wp-block-columns are-vertically-aligned-center is-layout-flex wp-container-core-columns-is-layout-28f84493 wp-block-columns-is-layout-flex\">\n<div class=\"wp-block-column is-vertically-aligned-center is-layout-flow wp-block-column-is-layout-flow\"><\/div>\n\n\n\n<div class=\"wp-block-column is-vertically-aligned-center is-layout-flow wp-block-column-is-layout-flow\" style=\"flex-basis:60%\">\n<p><\/p>\n<\/div>\n<\/div>","protected":false},"excerpt":{"rendered":"<p><span dir=\"auto\" style=\"vertical-align: inherit;\"><span dir=\"auto\" style=\"vertical-align: inherit;\">Fabriqu\u00e9 \u00e0 partir d'herbes naturelles pr\u00e9cieuses et selon des recettes familiales secr\u00e8tes, chaque m\u00e9lange est pr\u00e9par\u00e9 \u00e0 la main par un ma\u00eetre. La combinaison unique des ingr\u00e9dients d\u00e9termine la propri\u00e9t\u00e9 \u00e9nerg\u00e9tique distincte des cinq \u00e9l\u00e9ments.<\/span><\/span><\/p>","protected":false},"featured_media":7244,"comment_status":"open","ping_status":"closed","template":"","meta":[],"product_brand":[],"product_cat":[51],"product_tag":[22,38],"class_list":{"0":"post-7517","1":"product","2":"type-product","3":"status-publish","4":"has-post-thumbnail","6":"product_cat-prayer-beads","7":"product_tag-denim","8":"product_tag-summer","10":"first","11":"instock","12":"sale","13":"taxable","14":"shipping-taxable","15":"purchasable","16":"product-type-simple"},"jetpack_sharing_enabled":false,"_links":{"self":[{"href":"https:\/\/fsdivination.com\/fr\/wp-json\/wp\/v2\/product\/7517","targetHints":{"allow":["GET"]}}],"collection":[{"href":"https:\/\/fsdivination.com\/fr\/wp-json\/wp\/v2\/product"}],"about":[{"href":"https:\/\/fsdivination.com\/fr\/wp-json\/wp\/v2\/types\/product"}],"replies":[{"embeddable":true,"href":"https:\/\/fsdivination.com\/fr\/wp-json\/wp\/v2\/comments?post=7517"}],"wp:featuredmedia":[{"embeddable":true,"href":"https:\/\/fsdivination.com\/fr\/wp-json\/wp\/v2\/media\/7244"}],"wp:attachment":[{"href":"https:\/\/fsdivination.com\/fr\/wp-json\/wp\/v2\/media?parent=7517"}],"wp:term":[{"taxonomy":"product_brand","embeddable":true,"href":"https:\/\/fsdivination.com\/fr\/wp-json\/wp\/v2\/product_brand?post=7517"},{"taxonomy":"product_cat","embeddable":true,"href":"https:\/\/fsdivination.com\/fr\/wp-json\/wp\/v2\/product_cat?post=7517"},{"taxonomy":"product_tag","embeddable":true,"href":"https:\/\/fsdivination.com\/fr\/wp-json\/wp\/v2\/product_tag?post=7517"}],"curies":[{"name":"wp","href":"https:\/\/api.w.org\/{rel}","templated":true}]}}