{"id":7462,"date":"2025-11-01T13:12:29","date_gmt":"2025-11-01T05:12:29","guid":{"rendered":"https:\/\/fsdivination.com\/?post_type=product&#038;p=7462"},"modified":"2025-11-11T02:49:22","modified_gmt":"2025-11-10T18:49:22","slug":"punish-the-villain-%e6%83%a9%e6%88%92%e5%b0%8f%e4%ba%ba","status":"publish","type":"product","link":"https:\/\/fsdivination.com\/vi\/san-pham\/punish-the-villain-%e6%83%a9%e6%88%92%e5%b0%8f%e4%ba%ba\/","title":{"rendered":"Tr\u1eebng ph\u1ea1t k\u1ebb x\u1ea5u (Tr\u1eebng ph\u1ea1t k\u1ebb ti\u1ec3u nh\u00e2n)"},"content":{"rendered":"<div class=\"wp-block-columns are-vertically-aligned-center is-layout-flex wp-container-core-columns-is-layout-28f84493 wp-block-columns-is-layout-flex\">\n<div class=\"wp-block-column is-vertically-aligned-center is-layout-flow wp-block-column-is-layout-flow\">\n<h2 class=\"wp-block-heading\">Tr\u1eebng ph\u1ea1t k\u1ebb \u00e1c <\/h2>\n\n\n\n<p>\u201d\u0110\u00e1nh b\u1ea1i k\u1ebb \u00e1c\u201c l\u00e0 m\u1ed9t nghi l\u1ec5 d\u00e2n gian l\u00e2u \u0111\u1eddi trong truy\u1ec1n th\u1ed1ng Trung Qu\u1ed1c, bao g\u1ed3m c\u00e1c h\u00e0nh \u0111\u1ed9ng t\u01b0\u1ee3ng tr\u01b0ng nh\u01b0 c\u1eaft h\u00ecnh gi\u1ea5y, \u0111\u00e1nh v\u00e0 \u0111\u1ed1t ch\u00fang \u0111\u1ec3 xua \u0111u\u1ed5i \u201dk\u1ebb \u00e1c\" - \u00e1m ch\u1ec9 nh\u1eefng y\u1ebfu t\u1ed1 ti\u00eau c\u1ef1c c\u1ea3n tr\u1edf v\u1eadn may c\u1ee7a m\u1ed9t ng\u01b0\u1eddi ho\u1eb7c nh\u1eefng k\u1ebb chuy\u00ean bu\u00f4n chuy\u1ec7n. Trong x\u00e3 h\u1ed9i hi\u1ec7n \u0111\u1ea1i, phong t\u1ee5c n\u00e0y \u0111\u00e3 ph\u00e1t tri\u1ec3n th\u00e0nh m\u1ed9t h\u00ecnh th\u1ee9c gi\u1ea3i t\u1ecfa t\u00e2m l\u00fd v\u00e0 tr\u1ea3i nghi\u1ec7m v\u0103n h\u00f3a, k\u1ebft h\u1ee3p gi\u1eefa nhu c\u1ea7u t\u00e2m l\u00fd, bi\u1ec3u t\u01b0\u1ee3ng v\u0103n h\u00f3a v\u00e0 di s\u1ea3n d\u00e2n gian.<\/p>\n<\/div>\n\n\n\n<div class=\"wp-block-column is-vertically-aligned-center is-layout-flow wp-block-column-is-layout-flow\" style=\"flex-basis:60%\">\n<figure class=\"wp-block-image size-full\"><img fetchpriority=\"high\" decoding=\"async\" width=\"664\" height=\"980\" src=\"https:\/\/fsdivination.com\/wp-content\/uploads\/2025\/11\/\u5c4f\u5e55\u622a\u56fe_1-11-2025_114545_.jpeg\" alt=\"\" class=\"wp-image-7452\" srcset=\"https:\/\/fsdivination.com\/wp-content\/uploads\/2025\/11\/\u5c4f\u5e55\u622a\u56fe_1-11-2025_114545_.jpeg 664w, https:\/\/fsdivination.com\/wp-content\/uploads\/2025\/11\/\u5c4f\u5e55\u622a\u56fe_1-11-2025_114545_-203x300.jpeg 203w, https:\/\/fsdivination.com\/wp-content\/uploads\/2025\/11\/\u5c4f\u5e55\u622a\u56fe_1-11-2025_114545_-8x12.jpeg 8w, https:\/\/fsdivination.com\/wp-content\/uploads\/2025\/11\/\u5c4f\u5e55\u622a\u56fe_1-11-2025_114545_-441x651.jpeg 441w, https:\/\/fsdivination.com\/wp-content\/uploads\/2025\/11\/\u5c4f\u5e55\u622a\u56fe_1-11-2025_114545_-300x443.jpeg 300w, https:\/\/fsdivination.com\/wp-content\/uploads\/2025\/11\/\u5c4f\u5e55\u622a\u56fe_1-11-2025_114545_-150x221.jpeg 150w\" sizes=\"(max-width: 664px) 100vw, 664px\" \/><\/figure>\n\n\n\n<p><\/p>\n<\/div>\n<\/div>\n\n\n\n<div style=\"height:30px\" aria-hidden=\"true\" class=\"wp-block-spacer\"><\/div>\n\n\n\n<div class=\"wp-block-columns are-vertically-aligned-center is-layout-flex wp-container-core-columns-is-layout-28f84493 wp-block-columns-is-layout-flex\">\n<div class=\"wp-block-column is-vertically-aligned-center is-layout-flow wp-block-column-is-layout-flow\"><\/div>\n\n\n\n<div class=\"wp-block-column is-vertically-aligned-center is-layout-flow wp-block-column-is-layout-flow\" style=\"flex-basis:40%\"><\/div>\n<\/div>\n\n\n\n<div style=\"height:30px\" aria-hidden=\"true\" class=\"wp-block-spacer\"><\/div>\n\n\n\n<div class=\"wp-block-columns are-vertically-aligned-center is-layout-flex wp-container-core-columns-is-layout-28f84493 wp-block-columns-is-layout-flex\">\n<div class=\"wp-block-column is-vertically-aligned-center is-layout-flow wp-block-column-is-layout-flow\"><\/div>\n\n\n\n<div class=\"wp-block-column is-vertically-aligned-center is-layout-flow wp-block-column-is-layout-flow\" style=\"flex-basis:60%\">\n<p><\/p>\n<\/div>\n<\/div>\n\n\n\n<div style=\"height:30px\" aria-hidden=\"true\" class=\"wp-block-spacer\"><\/div>\n\n\n\n<div class=\"wp-block-columns are-vertically-aligned-center is-layout-flex wp-container-core-columns-is-layout-28f84493 wp-block-columns-is-layout-flex\">\n<div class=\"wp-block-column is-vertically-aligned-center is-layout-flow wp-block-column-is-layout-flow\"><\/div>\n<\/div>\n\n\n\n<div style=\"height:30px\" aria-hidden=\"true\" class=\"wp-block-spacer\"><\/div>\n\n\n\n<div class=\"wp-block-columns are-vertically-aligned-center is-layout-flex wp-container-core-columns-is-layout-28f84493 wp-block-columns-is-layout-flex\">\n<div class=\"wp-block-column is-vertically-aligned-center is-layout-flow wp-block-column-is-layout-flow\"><\/div>\n\n\n\n<div class=\"wp-block-column is-vertically-aligned-center is-layout-flow wp-block-column-is-layout-flow\" style=\"flex-basis:60%\">\n<p><\/p>\n<\/div>\n<\/div>\n\n\n\n<p><\/p>","protected":false},"excerpt":{"rendered":"<p>S\u1ea3n ph\u1ea9m n\u00e0y l\u00e0 m\u1ed9t cu\u1ed1n s\u00e1ch \u0111i\u1ec7n t\u1eed. Sau khi \u0111\u1eb7t h\u00e0ng, vui l\u00f2ng g\u1eedi tin nh\u1eafn cho ng\u01b0\u1eddi b\u00e1n \u0111\u1ec3 nh\u1eadn file. Ngo\u00e0i ra, vui l\u00f2ng cung c\u1ea5p \u0111\u1ecba ch\u1ec9 nh\u1eadn h\u00e0ng c\u1ee7a b\u1ea1n, v\u00e0 ng\u01b0\u1eddi b\u00e1n s\u1ebd g\u1eedi cho b\u1ea1n m\u1ed9t v\u1eadt may m\u1eafn.<\/p>\n<p>S\u00e1ch n\u00e0y l\u00e0 phi\u00ean b\u1ea3n \u0111i\u1ec7n t\u1eed. Sau khi \u0111\u1eb7t h\u00e0ng, vui l\u00f2ng nh\u1eafn tin cho gi\u00e1o vi\u00ean \u0111\u1ec3 nh\u1eadn file. \u0110\u1ed3ng th\u1eddi, vui l\u00f2ng cung c\u1ea5p \u0111\u1ecba ch\u1ec9 nh\u1eadn h\u00e0ng c\u1ee7a b\u1ea1n, gi\u00e1o vi\u00ean s\u1ebd g\u1eedi cho b\u1ea1n m\u1ed9t l\u00e1 b\u00f9a b\u00ecnh an.<\/p>","protected":false},"featured_media":7480,"comment_status":"open","ping_status":"closed","template":"","meta":[],"product_brand":[],"product_cat":[15],"product_tag":[34],"class_list":{"0":"post-7462","1":"product","2":"type-product","3":"status-publish","4":"has-post-thumbnail","6":"product_cat-feng-shui-and-fortune-telling","7":"product_tag-skinny","9":"first","10":"instock","11":"sale","12":"taxable","13":"shipping-taxable","14":"purchasable","15":"product-type-simple"},"jetpack_sharing_enabled":false,"_links":{"self":[{"href":"https:\/\/fsdivination.com\/vi\/wp-json\/wp\/v2\/product\/7462","targetHints":{"allow":["GET"]}}],"collection":[{"href":"https:\/\/fsdivination.com\/vi\/wp-json\/wp\/v2\/product"}],"about":[{"href":"https:\/\/fsdivination.com\/vi\/wp-json\/wp\/v2\/types\/product"}],"replies":[{"embeddable":true,"href":"https:\/\/fsdivination.com\/vi\/wp-json\/wp\/v2\/comments?post=7462"}],"wp:featuredmedia":[{"embeddable":true,"href":"https:\/\/fsdivination.com\/vi\/wp-json\/wp\/v2\/media\/7480"}],"wp:attachment":[{"href":"https:\/\/fsdivination.com\/vi\/wp-json\/wp\/v2\/media?parent=7462"}],"wp:term":[{"taxonomy":"product_brand","embeddable":true,"href":"https:\/\/fsdivination.com\/vi\/wp-json\/wp\/v2\/product_brand?post=7462"},{"taxonomy":"product_cat","embeddable":true,"href":"https:\/\/fsdivination.com\/vi\/wp-json\/wp\/v2\/product_cat?post=7462"},{"taxonomy":"product_tag","embeddable":true,"href":"https:\/\/fsdivination.com\/vi\/wp-json\/wp\/v2\/product_tag?post=7462"}],"curies":[{"name":"wp","href":"https:\/\/api.w.org\/{rel}","templated":true}]}}