{"id":7466,"date":"2025-11-01T13:28:38","date_gmt":"2025-11-01T05:28:38","guid":{"rendered":"https:\/\/fsdivination.com\/?post_type=product&#038;p=7466"},"modified":"2025-11-11T03:30:09","modified_gmt":"2025-11-10T19:30:09","slug":"talisman-%e5%a4%8d%e5%88%b6-3","status":"publish","type":"product","link":"https:\/\/fsdivination.com\/vi\/san-pham\/talisman-%e5%a4%8d%e5%88%b6-3\/","title":{"rendered":"Th\u00f4ng linh"},"content":{"rendered":"<div class=\"wp-block-columns are-vertically-aligned-center is-layout-flex wp-container-core-columns-is-layout-28f84493 wp-block-columns-is-layout-flex\">\n<div class=\"wp-block-column is-vertically-aligned-center is-layout-flow wp-block-column-is-layout-flow\">\n<h2 class=\"wp-block-heading\"><strong>Th\u1ea7n giao c\u00e1ch c\u1ea3m<\/strong><\/h2>\n\n\n\n<p><strong>Ph\u01b0\u01a1ng ti\u1ec7n t\u00e2m linh<\/strong>, m\u1ed9t thi\u00ean ch\u1ee9c \u0111\u1eb7c bi\u1ec7t, lu\u00f4n lu\u00f4n di chuy\u1ec3n qua l\u1ea1i gi\u1eefa ranh gi\u1edbi c\u1ee7a th\u1ebf gi\u1edbi ng\u01b0\u1eddi s\u1ed1ng v\u00e0 ng\u01b0\u1eddi ch\u1ebft. H\u1ecd c\u00f3 kh\u1ea3 n\u0103ng giao ti\u1ebfp tr\u1ef1c ti\u1ebfp v\u1edbi c\u00e1c v\u1ecb th\u1ea7n, linh h\u1ed3n v\u00e0 linh h\u1ed3n c\u1ee7a ng\u01b0\u1eddi \u0111\u00e3 khu\u1ea5t, khai th\u00e1c s\u1ee9c m\u1ea1nh c\u1ee7a nh\u1eefng th\u1ef1c th\u1ec3 si\u00eau nhi\u00ean n\u00e0y \u0111\u1ec3 ch\u1eefa b\u1ec7nh, gi\u1ea3i quy\u1ebft nh\u1eefng v\u1ea5n \u0111\u1ec1 nan gi\u1ea3i v\u00e0 th\u1eadm ch\u00ed th\u1ef1c hi\u1ec7n nh\u1eefng ngh\u1ec7 thu\u1eadt k\u1ef3 di\u1ec7u v\u01b0\u1ee3t ngo\u00e0i kh\u1ea3 n\u0103ng c\u1ee7a con ng\u01b0\u1eddi b\u00ecnh th\u01b0\u1eddng.<\/p>\n\n\n\n<p>\u0110\u01b0\u1ee3c giao nhi\u1ec7m v\u1ee5 h\u00f2a gi\u1ea3i m\u00e2u thu\u1eabn gi\u1eefa hai c\u00f5i, h\u1ecd n\u1ed7 l\u1ef1c kh\u00f4i ph\u1ee5c c\u00e2n b\u1eb1ng, h\u00f2a h\u1ee3p n\u0103ng l\u01b0\u1ee3ng ch\u00ednh ngh\u0129a c\u1ee7a tr\u1eddi \u0111\u1ea5t v\u00e0 gi\u1ea3m b\u1edbt n\u1ed7i \u0111au kh\u1ed5 c\u1ee7a con ng\u01b0\u1eddi. M\u1eb7c d\u00f9 c\u00f3 b\u1ea3n ch\u1ea5t kh\u00e1c bi\u1ec7t, th\u1ebf gi\u1edbi c\u1ee7a ng\u01b0\u1eddi s\u1ed1ng v\u00e0 c\u00f5i \u00e2m ti l\u1ea1i c\u00f3 m\u1ed1i quan h\u1ec7 t\u01b0\u01a1ng h\u1ed7 s\u00e2u s\u1eafc. Tuy nhi\u00ean, trong th\u1ebf gi\u1edbi c\u1ee7a ng\u01b0\u1eddi s\u1ed1ng, nh\u1eefng linh h\u1ed3n b\u1ea5t an th\u01b0\u1eddng l\u01b0u luy\u1ebfn \u2013 nh\u1eefng o\u00e1n h\u1eadn ch\u01b0a \u0111\u01b0\u1ee3c gi\u1ea3i quy\u1ebft t\u1eeb ki\u1ebfp s\u1ed1ng tr\u01b0\u1edbc v\u1eabn ti\u1ebfp t\u1ee5c \u00e1m \u1ea3nh th\u1ebf gi\u1edbi tr\u1ea7n gian v\u00e0 l\u00e0m x\u00e1o tr\u1ed9n cu\u1ed9c s\u1ed1ng c\u1ee7a con ng\u01b0\u1eddi.<\/p>\n\n\n\n<p>Nhi\u1ec7m v\u1ee5 gi\u1ea3i quy\u1ebft nh\u1eefng r\u1ed1i lo\u1ea1n n\u00e0y thu\u1ed9c v\u1ec1 nh\u00e0 trung gian t\u00e2m linh. B\u1eb1ng c\u00e1ch t\u01b0\u01a1ng t\u00e1c v\u1edbi th\u1ebf gi\u1edbi b\u00ean kia v\u00e0 thi\u1ebft l\u1eadp c\u00e1c th\u1ecfa thu\u1eadn, h\u1ecd \u0111\u1ea3m b\u1ea3o r\u1eb1ng nh\u1eefng linh h\u1ed3n b\u1ea5t an n\u00e0y ng\u1eebng g\u00e2y h\u1ea1i cho ng\u01b0\u1eddi s\u1ed1ng.<\/p>\n<\/div>\n\n\n\n<div class=\"wp-block-column is-vertically-aligned-center is-layout-flow wp-block-column-is-layout-flow\" style=\"flex-basis:60%\">\n<figure class=\"wp-block-image size-full\"><img fetchpriority=\"high\" decoding=\"async\" width=\"1608\" height=\"2160\" src=\"https:\/\/fsdivination.com\/wp-content\/uploads\/2025\/11\/fBQtIgxZZ.png\" alt=\"\" class=\"wp-image-7469\" srcset=\"https:\/\/fsdivination.com\/wp-content\/uploads\/2025\/11\/fBQtIgxZZ.png 1608w, https:\/\/fsdivination.com\/wp-content\/uploads\/2025\/11\/fBQtIgxZZ-223x300.png 223w, https:\/\/fsdivination.com\/wp-content\/uploads\/2025\/11\/fBQtIgxZZ-762x1024.png 762w, https:\/\/fsdivination.com\/wp-content\/uploads\/2025\/11\/fBQtIgxZZ-768x1032.png 768w, https:\/\/fsdivination.com\/wp-content\/uploads\/2025\/11\/fBQtIgxZZ-1143x1536.png 1143w, https:\/\/fsdivination.com\/wp-content\/uploads\/2025\/11\/fBQtIgxZZ-1525x2048.png 1525w, https:\/\/fsdivination.com\/wp-content\/uploads\/2025\/11\/fBQtIgxZZ-9x12.png 9w, https:\/\/fsdivination.com\/wp-content\/uploads\/2025\/11\/fBQtIgxZZ-990x1330.png 990w, https:\/\/fsdivination.com\/wp-content\/uploads\/2025\/11\/fBQtIgxZZ-441x592.png 441w, https:\/\/fsdivination.com\/wp-content\/uploads\/2025\/11\/fBQtIgxZZ-300x403.png 300w, https:\/\/fsdivination.com\/wp-content\/uploads\/2025\/11\/fBQtIgxZZ-800x1075.png 800w, https:\/\/fsdivination.com\/wp-content\/uploads\/2025\/11\/fBQtIgxZZ-150x201.png 150w\" sizes=\"(max-width: 1608px) 100vw, 1608px\" \/><\/figure>\n\n\n\n<p><\/p>\n<\/div>\n<\/div>\n\n\n\n<div style=\"height:30px\" aria-hidden=\"true\" class=\"wp-block-spacer\"><\/div>\n\n\n\n<div class=\"wp-block-columns are-vertically-aligned-center is-layout-flex wp-container-core-columns-is-layout-28f84493 wp-block-columns-is-layout-flex\">\n<div class=\"wp-block-column is-vertically-aligned-center is-layout-flow wp-block-column-is-layout-flow\"><\/div>\n\n\n\n<div class=\"wp-block-column is-vertically-aligned-center is-layout-flow wp-block-column-is-layout-flow\" style=\"flex-basis:40%\">\n<h2 class=\"wp-block-heading\"><\/h2>\n<\/div>\n<\/div>\n\n\n\n<div style=\"height:30px\" aria-hidden=\"true\" class=\"wp-block-spacer\"><\/div>\n\n\n\n<div class=\"wp-block-columns are-vertically-aligned-center is-layout-flex wp-container-core-columns-is-layout-28f84493 wp-block-columns-is-layout-flex\">\n<div class=\"wp-block-column is-vertically-aligned-center is-layout-flow wp-block-column-is-layout-flow\"><\/div>\n\n\n\n<div class=\"wp-block-column is-vertically-aligned-center is-layout-flow wp-block-column-is-layout-flow\" style=\"flex-basis:60%\">\n<p><\/p>\n<\/div>\n<\/div>\n\n\n\n<div style=\"height:30px\" aria-hidden=\"true\" class=\"wp-block-spacer\"><\/div>\n\n\n\n<div class=\"wp-block-columns are-vertically-aligned-center is-layout-flex wp-container-core-columns-is-layout-28f84493 wp-block-columns-is-layout-flex\">\n<div class=\"wp-block-column is-vertically-aligned-center is-layout-flow wp-block-column-is-layout-flow\"><\/div>\n<\/div>\n\n\n\n<div style=\"height:30px\" aria-hidden=\"true\" class=\"wp-block-spacer\"><\/div>\n\n\n\n<div class=\"wp-block-columns are-vertically-aligned-center is-layout-flex wp-container-core-columns-is-layout-28f84493 wp-block-columns-is-layout-flex\">\n<div class=\"wp-block-column is-vertically-aligned-center is-layout-flow wp-block-column-is-layout-flow\"><\/div>\n\n\n\n<div class=\"wp-block-column is-vertically-aligned-center is-layout-flow wp-block-column-is-layout-flow\" style=\"flex-basis:60%\">\n<p><\/p>\n<\/div>\n<\/div>\n\n\n\n<p><\/p>","protected":false},"excerpt":{"rendered":"<p>L\u01b0u \u00fd r\u1eb1ng \u0111\u00e2y l\u00e0 s\u1ea3n ph\u1ea9m d\u1ecbch v\u1ee5. Tr\u01b0\u1edbc khi \u0111\u1eb7t h\u00e0ng, vui l\u00f2ng li\u00ean h\u1ec7 v\u1edbi \u0111\u1ed9i ng\u0169 ch\u0103m s\u00f3c kh\u00e1ch h\u00e0ng c\u1ee7a ch\u00fang t\u00f4i.<\/p>\n<p>S\u1ea3n ph\u1ea9m n\u00e0y l\u00e0 s\u1ea3n ph\u1ea9m d\u1ecbch v\u1ee5. Tr\u01b0\u1edbc khi \u0111\u1eb7t h\u00e0ng, vui l\u00f2ng li\u00ean h\u1ec7 v\u1edbi nh\u00e2n vi\u00ean h\u1ed7 tr\u1ee3 kh\u00e1ch h\u00e0ng \u0111\u1ec3 \u0111\u01b0\u1ee3c t\u01b0 v\u1ea5n.<\/p>","protected":false},"featured_media":7479,"comment_status":"open","ping_status":"closed","template":"","meta":[],"product_brand":[],"product_cat":[15],"product_tag":[34],"class_list":{"0":"post-7466","1":"product","2":"type-product","3":"status-publish","4":"has-post-thumbnail","6":"product_cat-feng-shui-and-fortune-telling","7":"product_tag-skinny","9":"first","10":"instock","11":"sale","12":"taxable","13":"shipping-taxable","14":"purchasable","15":"product-type-simple"},"jetpack_sharing_enabled":false,"_links":{"self":[{"href":"https:\/\/fsdivination.com\/vi\/wp-json\/wp\/v2\/product\/7466","targetHints":{"allow":["GET"]}}],"collection":[{"href":"https:\/\/fsdivination.com\/vi\/wp-json\/wp\/v2\/product"}],"about":[{"href":"https:\/\/fsdivination.com\/vi\/wp-json\/wp\/v2\/types\/product"}],"replies":[{"embeddable":true,"href":"https:\/\/fsdivination.com\/vi\/wp-json\/wp\/v2\/comments?post=7466"}],"wp:featuredmedia":[{"embeddable":true,"href":"https:\/\/fsdivination.com\/vi\/wp-json\/wp\/v2\/media\/7479"}],"wp:attachment":[{"href":"https:\/\/fsdivination.com\/vi\/wp-json\/wp\/v2\/media?parent=7466"}],"wp:term":[{"taxonomy":"product_brand","embeddable":true,"href":"https:\/\/fsdivination.com\/vi\/wp-json\/wp\/v2\/product_brand?post=7466"},{"taxonomy":"product_cat","embeddable":true,"href":"https:\/\/fsdivination.com\/vi\/wp-json\/wp\/v2\/product_cat?post=7466"},{"taxonomy":"product_tag","embeddable":true,"href":"https:\/\/fsdivination.com\/vi\/wp-json\/wp\/v2\/product_tag?post=7466"}],"curies":[{"name":"wp","href":"https:\/\/api.w.org\/{rel}","templated":true}]}}