{"id":7513,"date":"2025-11-10T01:12:40","date_gmt":"2025-11-09T17:12:40","guid":{"rendered":"https:\/\/fsdivination.com\/?post_type=product&#038;p=7513"},"modified":"2025-11-10T01:13:08","modified_gmt":"2025-11-09T17:13:08","slug":"talisman","status":"publish","type":"product","link":"https:\/\/fsdivination.com\/vi\/san-pham\/talisman\/","title":{"rendered":"B\u00f9a h\u1ed9 m\u1ec7nh"},"content":{"rendered":"<div class=\"wp-block-columns are-vertically-aligned-center is-layout-flex wp-container-core-columns-is-layout-28f84493 wp-block-columns-is-layout-flex\">\n<div class=\"wp-block-column is-vertically-aligned-center is-layout-flow wp-block-column-is-layout-flow\">\n<h2 class=\"wp-block-heading\">Vai tr\u00f2 c\u1ee7a m\u1ed9t b\u00f9a h\u1ed9 m\u1ec7nh<\/h2>\n\n\n\n<p>Cu\u1ed9c \u0111\u1eddi d\u00e0i \u0111\u1eb1ng \u0111\u1eb5ng v\u00e0 \u0111\u1ea7y r\u1eaby hi\u1ec3m nguy. C\u00e0ng s\u1ed1ng l\u00e2u, ch\u00fang ta c\u00e0ng th\u1ea5u hi\u1ec3u s\u1ef1 qu\u00fd gi\u00e1 v\u00e0 kh\u00f3 kh\u0103n \u0111\u1ec3 c\u00f3 \u0111\u01b0\u1ee3c b\u00ecnh an v\u00e0 ph\u00fac l\u00e0nh. Trong nh\u1eefng kho\u1ea3nh kh\u1eafc tuy\u1ec7t v\u1ecdng v\u00e0 b\u1ea5t \u0111\u1ecbnh, t\u1ea5t c\u1ea3 ch\u00fang ta \u0111\u1ec1u c\u1ea7n m\u1ed9t ch\u00fat ph\u00e9p m\u00e0u \u0111\u1ec3 xoa d\u1ecbu n\u1ed7i s\u1ee3 h\u00e3i v\u00e0 xua \u0111u\u1ed5i nh\u1eefng \u0111i\u1ec1u x\u1ea5u xa\u2014\u0111\u00f3 ch\u00ednh l\u00e0 \u00fd ngh\u0129a c\u1ee7a m\u1ed9t v\u1eadt h\u1ed9 m\u1ec7nh. N\u00f3 c\u00f3 th\u1ec3 l\u00e0 m\u1ed9t v\u1eadt d\u1ee5ng b\u1eb1ng kim lo\u1ea1i ho\u1eb7c g\u1ed7, m\u1ed9t m\u1ea3nh s\u1ee9, ho\u1eb7c th\u1eadm ch\u00ed l\u00e0 m\u1ed9t h\u00f2n \u0111\u00e1 b\u00ecnh th\u01b0\u1eddng nh\u1eb7t \u0111\u01b0\u1ee3c b\u00ean \u0111\u01b0\u1eddng, m\u1ed9t chi\u1ebfc l\u00f4ng chim, hay m\u1ed9t m\u1eabu th\u1ef1c v\u1eadt \u0111\u01b0\u1ee3c \u00e9p kh\u00f4 \u2013 t\u00f3m l\u1ea1i, b\u1ea5t c\u1ee9 th\u1ee9 g\u00ec ch\u00fang ta ch\u1ecdn \u0111\u1ec3 ban cho s\u1ee9c m\u1ea1nh si\u00eau nhi\u00ean. N\u00f3 c\u00f3 th\u1ec3 to hay nh\u1ecf, qu\u00fd gi\u00e1 hay b\u00ecnh th\u01b0\u1eddng. N\u00f3 c\u00f3 th\u1ec3 \u0111\u01b0\u1ee3c c\u1ea5t gi\u1eef \u1edf \u0111\u00e1y m\u1ed9t chi\u1ebfc h\u1ed9p ho\u1eb7c \u0111\u01b0\u1ee3c th\u1edd ph\u1ee5ng tr\u00ean b\u00e0n l\u00e0m vi\u1ec7c.<\/p>\n<\/div>\n\n\n\n<div class=\"wp-block-column is-vertically-aligned-center is-layout-flow wp-block-column-is-layout-flow\" style=\"flex-basis:60%\">\n<figure class=\"wp-block-image size-full\"><img fetchpriority=\"high\" decoding=\"async\" width=\"2160\" height=\"1860\" src=\"https:\/\/fsdivination.com\/wp-content\/uploads\/2025\/10\/2b83a383-1ece-4b2b-afe8-25f0436ad687.jpeg\" alt=\"\" class=\"wp-image-7350\" srcset=\"https:\/\/fsdivination.com\/wp-content\/uploads\/2025\/10\/2b83a383-1ece-4b2b-afe8-25f0436ad687.jpeg 2160w, https:\/\/fsdivination.com\/wp-content\/uploads\/2025\/10\/2b83a383-1ece-4b2b-afe8-25f0436ad687-300x258.jpeg 300w, https:\/\/fsdivination.com\/wp-content\/uploads\/2025\/10\/2b83a383-1ece-4b2b-afe8-25f0436ad687-1024x882.jpeg 1024w, https:\/\/fsdivination.com\/wp-content\/uploads\/2025\/10\/2b83a383-1ece-4b2b-afe8-25f0436ad687-768x661.jpeg 768w, https:\/\/fsdivination.com\/wp-content\/uploads\/2025\/10\/2b83a383-1ece-4b2b-afe8-25f0436ad687-1536x1323.jpeg 1536w, https:\/\/fsdivination.com\/wp-content\/uploads\/2025\/10\/2b83a383-1ece-4b2b-afe8-25f0436ad687-2048x1764.jpeg 2048w, https:\/\/fsdivination.com\/wp-content\/uploads\/2025\/10\/2b83a383-1ece-4b2b-afe8-25f0436ad687-14x12.jpeg 14w, https:\/\/fsdivination.com\/wp-content\/uploads\/2025\/10\/2b83a383-1ece-4b2b-afe8-25f0436ad687-990x853.jpeg 990w, https:\/\/fsdivination.com\/wp-content\/uploads\/2025\/10\/2b83a383-1ece-4b2b-afe8-25f0436ad687-441x380.jpeg 441w, https:\/\/fsdivination.com\/wp-content\/uploads\/2025\/10\/2b83a383-1ece-4b2b-afe8-25f0436ad687-800x689.jpeg 800w, https:\/\/fsdivination.com\/wp-content\/uploads\/2025\/10\/2b83a383-1ece-4b2b-afe8-25f0436ad687-150x129.jpeg 150w\" sizes=\"(max-width: 2160px) 100vw, 2160px\" \/><\/figure>\n\n\n\n<p><\/p>\n<\/div>\n<\/div>\n\n\n\n<div style=\"height:30px\" aria-hidden=\"true\" class=\"wp-block-spacer\"><\/div>\n\n\n\n<div class=\"wp-block-columns are-vertically-aligned-center is-layout-flex wp-container-core-columns-is-layout-28f84493 wp-block-columns-is-layout-flex\">\n<div class=\"wp-block-column is-vertically-aligned-center is-layout-flow wp-block-column-is-layout-flow\">\n<figure class=\"wp-block-image size-full\"><img decoding=\"async\" width=\"2560\" height=\"2184\" src=\"https:\/\/fsdivination.com\/wp-content\/uploads\/2025\/10\/123-scaled.jpg\" alt=\"\" class=\"wp-image-7352\" srcset=\"https:\/\/fsdivination.com\/wp-content\/uploads\/2025\/10\/123-scaled.jpg 2560w, https:\/\/fsdivination.com\/wp-content\/uploads\/2025\/10\/123-300x256.jpg 300w, https:\/\/fsdivination.com\/wp-content\/uploads\/2025\/10\/123-1024x874.jpg 1024w, https:\/\/fsdivination.com\/wp-content\/uploads\/2025\/10\/123-768x655.jpg 768w, https:\/\/fsdivination.com\/wp-content\/uploads\/2025\/10\/123-1536x1311.jpg 1536w, https:\/\/fsdivination.com\/wp-content\/uploads\/2025\/10\/123-2048x1748.jpg 2048w, https:\/\/fsdivination.com\/wp-content\/uploads\/2025\/10\/123-14x12.jpg 14w, https:\/\/fsdivination.com\/wp-content\/uploads\/2025\/10\/123-990x845.jpg 990w, https:\/\/fsdivination.com\/wp-content\/uploads\/2025\/10\/123-441x376.jpg 441w, https:\/\/fsdivination.com\/wp-content\/uploads\/2025\/10\/123-800x683.jpg 800w, https:\/\/fsdivination.com\/wp-content\/uploads\/2025\/10\/123-150x128.jpg 150w\" sizes=\"(max-width: 2560px) 100vw, 2560px\" \/><\/figure>\n<\/div>\n\n\n\n<div class=\"wp-block-column is-vertically-aligned-center is-layout-flow wp-block-column-is-layout-flow\" style=\"flex-basis:40%\">\n<h2 class=\"wp-block-heading\"><strong>C\u00e1c lo\u1ea1i b\u00f9a h\u1ed9 m\u1ec7nh<\/strong><\/h2>\n\n\n\n<p>\u0110\u01b0\u1ee3c c\u00f4ng nh\u1eadn l\u00e0 Di s\u1ea3n V\u0103n h\u00f3a Phi v\u1eadt th\u1ec3 c\u1ee7a Nh\u00e2n lo\u1ea1i, Y h\u1ecdc C\u1ed5 truy\u1ec1n Trung Qu\u1ed1c s\u1eed d\u1ee5ng c\u00e1c lo\u1ea1i th\u1ea3o d\u01b0\u1ee3c t\u1ef1 nhi\u00ean l\u00e0m thu\u1ed1c. N\u00f3 \u00e1p d\u1ee5ng l\u00fd thuy\u1ebft c\u00e2n b\u1eb1ng Ng\u0169 h\u00e0nh \u0111\u1ec3 lo\u1ea1i b\u1ecf c\u00e1c t\u1eafc ngh\u1ebdn trong kinh m\u1ea1ch c\u1ee7a c\u01a1 th\u1ec3 v\u00e0 \u0111\u1ea1t \u0111\u01b0\u1ee3c m\u1ee5c ti\u00eau \u0111i\u1ec1u tr\u1ecb.<\/p>\n<\/div>\n<\/div>\n\n\n\n<div style=\"height:30px\" aria-hidden=\"true\" class=\"wp-block-spacer\"><\/div>\n\n\n\n<div class=\"wp-block-columns are-vertically-aligned-center is-layout-flex wp-container-core-columns-is-layout-28f84493 wp-block-columns-is-layout-flex\">\n<div class=\"wp-block-column is-vertically-aligned-center is-layout-flow wp-block-column-is-layout-flow\">\n<h2 class=\"wp-block-heading\">H\u1ed3n c\u1ee7a m\u1ed9t b\u00f9a h\u1ed9 m\u1ec7nh<\/h2>\n\n\n\n<p>M\u1ed9t b\u00f9a h\u1ed9 m\u1ec7nh m\u1edf ra c\u00e1nh c\u1eeda d\u1eabn \u0111\u1ebfn m\u1ed9t th\u1ebf gi\u1edbi \u0111\u01b0\u1ee3c d\u1ec7t n\u00ean t\u1eeb nh\u1eefng bi\u1ec3u t\u01b0\u1ee3ng huy\u1ec1n b\u00ed, ni\u1ec1m tin v\u00e0 c\u00e1ch di\u1ec5n gi\u1ea3i. N\u00f3 \u0111\u01b0\u1ee3c ban cho s\u1ee9c m\u1ea1nh th\u00f4ng qua h\u00ecnh \u1ea3nh, ch\u1ea5t li\u1ec7u, h\u00ecnh d\u1ea1ng v\u00e0 l\u1ecbch s\u1eed c\u00f9ng nh\u1eefng kh\u00e1t v\u1ecdng m\u00e0 n\u00f3 mang theo. N\u00f3 b\u1ea3o v\u1ec7 ch\u00fang ta kh\u1ecfi s\u1ef1 nghi ng\u1edd v\u00e0 xoa d\u1ecbu n\u1ed7i s\u1ee3 h\u00e3i tr\u01b0\u1edbc nh\u1eefng \u0111i\u1ec1u ch\u01b0a bi\u1ebft. N\u00f3 ch\u1ee9ng ki\u1ebfn nh\u1eefng d\u00e3y n\u00fai v\u00e0 d\u00f2ng s\u00f4ng d\u00e0i m\u00e0 ch\u00fang ta \u0111\u00e3 \u0111i qua, v\u00e0 ti\u00ean \u0111o\u00e1n nh\u1eefng con \u0111\u01b0\u1eddng m\u00e0 ch\u00fang ta c\u00f2n ch\u01b0a \u0111i. C\u00f3 l\u1ebd, v\u1ec1 b\u1ea3n ch\u1ea5t, n\u00f3 l\u00e0 m\u1ed9t phi\u00ean b\u1ea3n kh\u00e1c c\u1ee7a ch\u00ednh ch\u00fang ta t\u1ed3n t\u1ea1i song song trong th\u1ebf gi\u1edbi n\u00e0y.<\/p>\n<\/div>\n\n\n\n<div class=\"wp-block-column is-vertically-aligned-center is-layout-flow wp-block-column-is-layout-flow\" style=\"flex-basis:60%\">\n<figure class=\"wp-block-image size-full\"><img decoding=\"async\" width=\"2560\" height=\"2246\" src=\"https:\/\/fsdivination.com\/wp-content\/uploads\/2025\/10\/a50cd7e9-1b2c-4d45-870f-2d271c55f1ae-scaled.jpeg\" alt=\"\" class=\"wp-image-7353\" srcset=\"https:\/\/fsdivination.com\/wp-content\/uploads\/2025\/10\/a50cd7e9-1b2c-4d45-870f-2d271c55f1ae-scaled.jpeg 2560w, https:\/\/fsdivination.com\/wp-content\/uploads\/2025\/10\/a50cd7e9-1b2c-4d45-870f-2d271c55f1ae-300x263.jpeg 300w, https:\/\/fsdivination.com\/wp-content\/uploads\/2025\/10\/a50cd7e9-1b2c-4d45-870f-2d271c55f1ae-1024x899.jpeg 1024w, https:\/\/fsdivination.com\/wp-content\/uploads\/2025\/10\/a50cd7e9-1b2c-4d45-870f-2d271c55f1ae-768x674.jpeg 768w, https:\/\/fsdivination.com\/wp-content\/uploads\/2025\/10\/a50cd7e9-1b2c-4d45-870f-2d271c55f1ae-1536x1348.jpeg 1536w, https:\/\/fsdivination.com\/wp-content\/uploads\/2025\/10\/a50cd7e9-1b2c-4d45-870f-2d271c55f1ae-2048x1797.jpeg 2048w, https:\/\/fsdivination.com\/wp-content\/uploads\/2025\/10\/a50cd7e9-1b2c-4d45-870f-2d271c55f1ae-14x12.jpeg 14w, https:\/\/fsdivination.com\/wp-content\/uploads\/2025\/10\/a50cd7e9-1b2c-4d45-870f-2d271c55f1ae-990x869.jpeg 990w, https:\/\/fsdivination.com\/wp-content\/uploads\/2025\/10\/a50cd7e9-1b2c-4d45-870f-2d271c55f1ae-441x387.jpeg 441w, https:\/\/fsdivination.com\/wp-content\/uploads\/2025\/10\/a50cd7e9-1b2c-4d45-870f-2d271c55f1ae-800x702.jpeg 800w, https:\/\/fsdivination.com\/wp-content\/uploads\/2025\/10\/a50cd7e9-1b2c-4d45-870f-2d271c55f1ae-150x132.jpeg 150w\" sizes=\"(max-width: 2560px) 100vw, 2560px\" \/><\/figure>\n\n\n\n<p><\/p>\n<\/div>\n<\/div>\n\n\n\n<div style=\"height:30px\" aria-hidden=\"true\" class=\"wp-block-spacer\"><\/div>\n\n\n\n<div class=\"wp-block-columns are-vertically-aligned-center is-layout-flex wp-container-core-columns-is-layout-28f84493 wp-block-columns-is-layout-flex\">\n<div class=\"wp-block-column is-vertically-aligned-center is-layout-flow wp-block-column-is-layout-flow\"><\/div>\n<\/div>\n\n\n\n<div style=\"height:30px\" aria-hidden=\"true\" class=\"wp-block-spacer\"><\/div>\n\n\n\n<div class=\"wp-block-columns are-vertically-aligned-center is-layout-flex wp-container-core-columns-is-layout-28f84493 wp-block-columns-is-layout-flex\">\n<div class=\"wp-block-column is-vertically-aligned-center is-layout-flow wp-block-column-is-layout-flow\"><\/div>\n\n\n\n<div class=\"wp-block-column is-vertically-aligned-center is-layout-flow wp-block-column-is-layout-flow\" style=\"flex-basis:60%\">\n<p><\/p>\n<\/div>\n<\/div>\n\n\n\n<p><\/p>","protected":false},"excerpt":{"rendered":"<p><span dir=\"auto\" style=\"vertical-align: inherit;\"><span dir=\"auto\" style=\"vertical-align: inherit;\">\u0110\u00e2y l\u00e0 v\u1eadt ph\u1ea9m ph\u00e1p kh\u00ed c\u1ee7a \u0110\u1ea1o gi\u00e1o, xin vui l\u00f2ng kh\u00f4ng ch\u1ee5p \u1ea3nh tr\u1ef1c ti\u1ebfp. Tr\u01b0\u1edbc khi ch\u1ee5p \u1ea3nh, xin vui l\u00f2ng nh\u1edd th\u1ea7y ph\u00e1p gia tr\u00ec \u0111\u1ec3 c\u00f3 th\u1ec3 truy\u1ec1n t\u1ea3i n\u0103ng l\u01b0\u1ee3ng ph\u00f9 h\u1ee3p v\u1edbi nhu c\u1ea7u c\u1ee5 th\u1ec3 c\u1ee7a qu\u00fd v\u1ecb.<\/span><\/span><\/p>","protected":false},"featured_media":7254,"comment_status":"open","ping_status":"closed","template":"","meta":[],"product_brand":[],"product_cat":[52],"product_tag":[34],"class_list":{"0":"post-7513","1":"product","2":"type-product","3":"status-publish","4":"has-post-thumbnail","6":"product_cat-talisman","7":"product_tag-skinny","9":"first","10":"instock","11":"sale","12":"taxable","13":"shipping-taxable","14":"purchasable","15":"product-type-simple"},"jetpack_sharing_enabled":false,"_links":{"self":[{"href":"https:\/\/fsdivination.com\/vi\/wp-json\/wp\/v2\/product\/7513","targetHints":{"allow":["GET"]}}],"collection":[{"href":"https:\/\/fsdivination.com\/vi\/wp-json\/wp\/v2\/product"}],"about":[{"href":"https:\/\/fsdivination.com\/vi\/wp-json\/wp\/v2\/types\/product"}],"replies":[{"embeddable":true,"href":"https:\/\/fsdivination.com\/vi\/wp-json\/wp\/v2\/comments?post=7513"}],"wp:featuredmedia":[{"embeddable":true,"href":"https:\/\/fsdivination.com\/vi\/wp-json\/wp\/v2\/media\/7254"}],"wp:attachment":[{"href":"https:\/\/fsdivination.com\/vi\/wp-json\/wp\/v2\/media?parent=7513"}],"wp:term":[{"taxonomy":"product_brand","embeddable":true,"href":"https:\/\/fsdivination.com\/vi\/wp-json\/wp\/v2\/product_brand?post=7513"},{"taxonomy":"product_cat","embeddable":true,"href":"https:\/\/fsdivination.com\/vi\/wp-json\/wp\/v2\/product_cat?post=7513"},{"taxonomy":"product_tag","embeddable":true,"href":"https:\/\/fsdivination.com\/vi\/wp-json\/wp\/v2\/product_tag?post=7513"}],"curies":[{"name":"wp","href":"https:\/\/api.w.org\/{rel}","templated":true}]}}