{"id":7519,"date":"2025-11-10T01:21:27","date_gmt":"2025-11-09T17:21:27","guid":{"rendered":"https:\/\/fsdivination.com\/?post_type=product&#038;p=7519"},"modified":"2025-11-10T01:22:03","modified_gmt":"2025-11-09T17:22:03","slug":"five-elements-bracelet-with-lucky-bead%ef%bc%88water%ef%bc%89","status":"publish","type":"product","link":"https:\/\/fsdivination.com\/vi\/san-pham\/five-elements-bracelet-with-lucky-bead%ef%bc%88water%ef%bc%89\/","title":{"rendered":"V\u00f2ng tay Ng\u0169 H\u00e0nh v\u1edbi h\u1ea1t may m\u1eafn (n\u01b0\u1edbc)"},"content":{"rendered":"<div class=\"wp-block-columns are-vertically-aligned-center is-layout-flex wp-container-core-columns-is-layout-28f84493 wp-block-columns-is-layout-flex\">\n<div class=\"wp-block-column is-vertically-aligned-center is-layout-flow wp-block-column-is-layout-flow\">\n<h2 class=\"wp-block-heading\">C\u00e1c chu k\u1ef3 sinh v\u00e0 ch\u1ebf c\u1ee7a Ng\u0169 H\u00e0nh.<\/h2>\n\n\n\n<p>.T\u1ea5t c\u1ea3 m\u1ecdi th\u1ee9 tr\u00ean th\u1ebf gi\u1edbi \u0111\u1ec1u xu\u1ea5t ph\u00e1t t\u1eeb n\u0103m nguy\u00ean t\u1ed1: kim lo\u1ea1i, g\u1ed7, n\u01b0\u1edbc, l\u1eeda v\u00e0 \u0111\u1ea5t. C\u00e1c nguy\u00ean t\u1ed1 n\u00e0y t\u01b0\u01a1ng t\u00e1c v\u1edbi nhau th\u00f4ng qua qu\u00e1 tr\u00ecnh sinh v\u00e0 ch\u1ebf, t\u1ea1o n\u00ean s\u1ef1 c\u00e2n b\u1eb1ng ho\u00e0n h\u1ea3o.<\/p>\n<\/div>\n\n\n\n<div class=\"wp-block-column is-vertically-aligned-center is-layout-flow wp-block-column-is-layout-flow\" style=\"flex-basis:60%\">\n<figure class=\"wp-block-image size-full\"><img fetchpriority=\"high\" decoding=\"async\" width=\"800\" height=\"800\" src=\"https:\/\/fsdivination.com\/wp-content\/uploads\/2018\/05\/A4A1737D4448BE9209A0A0947AA17C89.png\" alt=\"\" class=\"wp-image-7195\" srcset=\"https:\/\/fsdivination.com\/wp-content\/uploads\/2018\/05\/A4A1737D4448BE9209A0A0947AA17C89.png 800w, https:\/\/fsdivination.com\/wp-content\/uploads\/2018\/05\/A4A1737D4448BE9209A0A0947AA17C89-300x300.png 300w, https:\/\/fsdivination.com\/wp-content\/uploads\/2018\/05\/A4A1737D4448BE9209A0A0947AA17C89-150x150.png 150w, https:\/\/fsdivination.com\/wp-content\/uploads\/2018\/05\/A4A1737D4448BE9209A0A0947AA17C89-768x768.png 768w, https:\/\/fsdivination.com\/wp-content\/uploads\/2018\/05\/A4A1737D4448BE9209A0A0947AA17C89-12x12.png 12w, https:\/\/fsdivination.com\/wp-content\/uploads\/2018\/05\/A4A1737D4448BE9209A0A0947AA17C89-441x441.png 441w, https:\/\/fsdivination.com\/wp-content\/uploads\/2018\/05\/A4A1737D4448BE9209A0A0947AA17C89-100x100.png 100w\" sizes=\"(max-width: 800px) 100vw, 800px\" \/><\/figure>\n\n\n\n<p><\/p>\n<\/div>\n<\/div>\n\n\n\n<div style=\"height:30px\" aria-hidden=\"true\" class=\"wp-block-spacer\"><\/div>\n\n\n\n<div class=\"wp-block-columns are-vertically-aligned-center is-layout-flex wp-container-core-columns-is-layout-28f84493 wp-block-columns-is-layout-flex\">\n<div class=\"wp-block-column is-vertically-aligned-center is-layout-flow wp-block-column-is-layout-flow\">\n<figure class=\"wp-block-image size-full\"><img decoding=\"async\" width=\"800\" height=\"800\" src=\"https:\/\/fsdivination.com\/wp-content\/uploads\/2018\/05\/92406328EECE72BDDEEFC38E590D9729.png\" alt=\"\" class=\"wp-image-7194\" srcset=\"https:\/\/fsdivination.com\/wp-content\/uploads\/2018\/05\/92406328EECE72BDDEEFC38E590D9729.png 800w, https:\/\/fsdivination.com\/wp-content\/uploads\/2018\/05\/92406328EECE72BDDEEFC38E590D9729-300x300.png 300w, https:\/\/fsdivination.com\/wp-content\/uploads\/2018\/05\/92406328EECE72BDDEEFC38E590D9729-150x150.png 150w, https:\/\/fsdivination.com\/wp-content\/uploads\/2018\/05\/92406328EECE72BDDEEFC38E590D9729-768x768.png 768w, https:\/\/fsdivination.com\/wp-content\/uploads\/2018\/05\/92406328EECE72BDDEEFC38E590D9729-12x12.png 12w, https:\/\/fsdivination.com\/wp-content\/uploads\/2018\/05\/92406328EECE72BDDEEFC38E590D9729-441x441.png 441w, https:\/\/fsdivination.com\/wp-content\/uploads\/2018\/05\/92406328EECE72BDDEEFC38E590D9729-100x100.png 100w\" sizes=\"(max-width: 800px) 100vw, 800px\" \/><\/figure>\n<\/div>\n\n\n\n<div class=\"wp-block-column is-vertically-aligned-center is-layout-flow wp-block-column-is-layout-flow\" style=\"flex-basis:40%\">\n<h2 class=\"wp-block-heading\">Danh s\u00e1ch \u0111\u1ea1i di\u1ec7n v\u1ec1 Di s\u1ea3n v\u0103n h\u00f3a phi v\u1eadt th\u1ec3 c\u1ee7a nh\u00e2n lo\u1ea1i<\/h2>\n\n\n\n<p>\u0110\u01b0\u1ee3c c\u00f4ng nh\u1eadn l\u00e0 Di s\u1ea3n V\u0103n h\u00f3a Phi v\u1eadt th\u1ec3 c\u1ee7a Nh\u00e2n lo\u1ea1i, Y h\u1ecdc C\u1ed5 truy\u1ec1n Trung Qu\u1ed1c s\u1eed d\u1ee5ng c\u00e1c lo\u1ea1i th\u1ea3o d\u01b0\u1ee3c t\u1ef1 nhi\u00ean l\u00e0m thu\u1ed1c. N\u00f3 \u00e1p d\u1ee5ng l\u00fd thuy\u1ebft c\u00e2n b\u1eb1ng Ng\u0169 h\u00e0nh \u0111\u1ec3 lo\u1ea1i b\u1ecf c\u00e1c t\u1eafc ngh\u1ebdn trong kinh m\u1ea1ch c\u1ee7a c\u01a1 th\u1ec3 v\u00e0 \u0111\u1ea1t \u0111\u01b0\u1ee3c m\u1ee5c ti\u00eau \u0111i\u1ec1u tr\u1ecb.<\/p>\n<\/div>\n<\/div>\n\n\n\n<div style=\"height:30px\" aria-hidden=\"true\" class=\"wp-block-spacer\"><\/div>\n\n\n\n<div class=\"wp-block-columns are-vertically-aligned-center is-layout-flex wp-container-core-columns-is-layout-28f84493 wp-block-columns-is-layout-flex\">\n<div class=\"wp-block-column is-vertically-aligned-center is-layout-flow wp-block-column-is-layout-flow\">\n<h2 class=\"wp-block-heading\">\u0110\u01b0\u1ee3c l\u00e0m th\u1ee7 c\u00f4ng S\u1ea3n xu\u1ea5t b\u1eb1ng ph\u01b0\u01a1ng ph\u00e1p truy\u1ec1n th\u1ed1ng<\/h2>\n\n\n\n<p>\u0110\u01b0\u1ee3c ch\u1ebf t\u00e1c th\u1ee7 c\u00f4ng t\u1eeb b\u1ed9t th\u1ea3o d\u01b0\u1ee3c Trung Qu\u1ed1c ho\u00e0n to\u00e0n t\u1ef1 nhi\u00ean, kh\u00f4ng ch\u1ee9a b\u1ea5t k\u1ef3 ch\u1ea5t ph\u1ee5 gia h\u00f3a h\u1ecdc n\u00e0o. B\u1ed9t g\u1ed7 nanmu truy\u1ec1n th\u1ed1ng \u0111\u01b0\u1ee3c s\u1eed d\u1ee5ng l\u00e0m ch\u1ea5t k\u1ebft d\u00ednh.<\/p>\n<\/div>\n\n\n\n<div class=\"wp-block-column is-vertically-aligned-center is-layout-flow wp-block-column-is-layout-flow\" style=\"flex-basis:60%\">\n<figure class=\"wp-block-image size-full\"><img decoding=\"async\" width=\"900\" height=\"735\" src=\"https:\/\/fsdivination.com\/wp-content\/uploads\/2018\/05\/7462D101C3910C00D54F9368F2036FE4.png\" alt=\"\" class=\"wp-image-7193\" srcset=\"https:\/\/fsdivination.com\/wp-content\/uploads\/2018\/05\/7462D101C3910C00D54F9368F2036FE4.png 900w, https:\/\/fsdivination.com\/wp-content\/uploads\/2018\/05\/7462D101C3910C00D54F9368F2036FE4-300x245.png 300w, https:\/\/fsdivination.com\/wp-content\/uploads\/2018\/05\/7462D101C3910C00D54F9368F2036FE4-768x627.png 768w, https:\/\/fsdivination.com\/wp-content\/uploads\/2018\/05\/7462D101C3910C00D54F9368F2036FE4-15x12.png 15w, https:\/\/fsdivination.com\/wp-content\/uploads\/2018\/05\/7462D101C3910C00D54F9368F2036FE4-441x360.png 441w, https:\/\/fsdivination.com\/wp-content\/uploads\/2018\/05\/7462D101C3910C00D54F9368F2036FE4-800x653.png 800w, https:\/\/fsdivination.com\/wp-content\/uploads\/2018\/05\/7462D101C3910C00D54F9368F2036FE4-150x123.png 150w\" sizes=\"(max-width: 900px) 100vw, 900px\" \/><\/figure>\n\n\n\n<p><\/p>\n<\/div>\n<\/div>\n\n\n\n<div style=\"height:30px\" aria-hidden=\"true\" class=\"wp-block-spacer\"><\/div>\n\n\n\n<div class=\"wp-block-columns are-vertically-aligned-center is-layout-flex wp-container-core-columns-is-layout-28f84493 wp-block-columns-is-layout-flex\">\n<div class=\"wp-block-column is-vertically-aligned-center is-layout-flow wp-block-column-is-layout-flow\"><\/div>\n<\/div>\n\n\n\n<div style=\"height:30px\" aria-hidden=\"true\" class=\"wp-block-spacer\"><\/div>\n\n\n\n<div class=\"wp-block-columns are-vertically-aligned-center is-layout-flex wp-container-core-columns-is-layout-28f84493 wp-block-columns-is-layout-flex\">\n<div class=\"wp-block-column is-vertically-aligned-center is-layout-flow wp-block-column-is-layout-flow\"><\/div>\n\n\n\n<div class=\"wp-block-column is-vertically-aligned-center is-layout-flow wp-block-column-is-layout-flow\" style=\"flex-basis:60%\">\n<p><\/p>\n<\/div>\n<\/div>","protected":false},"excerpt":{"rendered":"<p><span dir=\"auto\" style=\"vertical-align: inherit;\"><span dir=\"auto\" style=\"vertical-align: inherit;\">\u0110\u01b0\u1ee3c l\u00e0m th\u1ee7 c\u00f4ng, s\u1ea3n ph\u1ea9m n\u00e0y \u0111\u01b0\u1ee3c thi\u1ebft k\u1ebf tinh t\u1ebf theo phong c\u00e1ch m\u00f9a, ph\u00f9 h\u1ee3p cho m\u1ecdi d\u1ecbp, t\u1eeb trang ph\u1ee5c ch\u00ednh th\u1ee9c \u0111\u1ebfn trang ph\u1ee5c casual, v\u00e0 l\u00e0 m\u00f3n \u0111\u1ed3 kh\u00f4ng th\u1ec3 thi\u1ebfu trong t\u1ee7 qu\u1ea7n \u00e1o c\u1ee7a b\u1ea5t k\u1ef3 ai.<\/span><\/span><\/p>","protected":false},"featured_media":7235,"comment_status":"open","ping_status":"closed","template":"","meta":[],"product_brand":[],"product_cat":[51],"product_tag":[32,37],"class_list":{"0":"post-7519","1":"product","2":"type-product","3":"status-publish","4":"has-post-thumbnail","6":"product_cat-prayer-beads","7":"product_tag-sale","8":"product_tag-stripes","10":"first","11":"instock","12":"sale","13":"taxable","14":"shipping-taxable","15":"purchasable","16":"product-type-simple"},"jetpack_sharing_enabled":false,"_links":{"self":[{"href":"https:\/\/fsdivination.com\/vi\/wp-json\/wp\/v2\/product\/7519","targetHints":{"allow":["GET"]}}],"collection":[{"href":"https:\/\/fsdivination.com\/vi\/wp-json\/wp\/v2\/product"}],"about":[{"href":"https:\/\/fsdivination.com\/vi\/wp-json\/wp\/v2\/types\/product"}],"replies":[{"embeddable":true,"href":"https:\/\/fsdivination.com\/vi\/wp-json\/wp\/v2\/comments?post=7519"}],"wp:featuredmedia":[{"embeddable":true,"href":"https:\/\/fsdivination.com\/vi\/wp-json\/wp\/v2\/media\/7235"}],"wp:attachment":[{"href":"https:\/\/fsdivination.com\/vi\/wp-json\/wp\/v2\/media?parent=7519"}],"wp:term":[{"taxonomy":"product_brand","embeddable":true,"href":"https:\/\/fsdivination.com\/vi\/wp-json\/wp\/v2\/product_brand?post=7519"},{"taxonomy":"product_cat","embeddable":true,"href":"https:\/\/fsdivination.com\/vi\/wp-json\/wp\/v2\/product_cat?post=7519"},{"taxonomy":"product_tag","embeddable":true,"href":"https:\/\/fsdivination.com\/vi\/wp-json\/wp\/v2\/product_tag?post=7519"}],"curies":[{"name":"wp","href":"https:\/\/api.w.org\/{rel}","templated":true}]}}